{"id":97,"date":"2015-05-02T02:13:17","date_gmt":"2015-05-02T02:13:17","guid":{"rendered":"https:\/\/www.eagletours.net\/web\/?page_id=97"},"modified":"2021-08-29T14:24:45","modified_gmt":"2021-08-29T14:24:45","slug":"caminata-al-volcan-arenal-y-termales","status":"publish","type":"page","link":"https:\/\/www.eagletours.net\/?page_id=97","title":{"rendered":"Caminata al Volcan Arenal y Termales"},"content":{"rendered":"<p><span style=\"color: #ffffff;\">Caminata al Volcan Arenal y Termales<\/span><\/p>\n<p>Eagle Tours se complace en ofrecer a sus clientes una de las actividades de mayor disfrute para todos aquellos clientes que nos visitan en la zona del Volc\u00e1n Arenal.<\/p>\n<p>Siempre ubicando el mejor sitio de observaci\u00f3n de Lava. Eagle Tours lleva a todos sus clientes a realizar una caminata en un bosque lluvioso donde el cliente tiene la oportunidad de disfrutar de la gran riqueza de flora y fauna que ofrece la zona del arenal, y adem\u00e1s de magn\u00edficas formaciones de piedras de lava como la ocurrida 1992, desde donde el cliente puede observar el atardecer sobre el Lago Arenal.<\/p>\n<p>Durante el tour, nuestros gu\u00edas experimentados le proveer\u00e1n informaci\u00f3n respecto a la historia y del como ha sido la evoluci\u00f3n del volc\u00e1n arenal durante el paso del tiempo desde 1968.<\/p>\n<p>Al final el sendero usted tendr\u00e1 la oportunidad de observar desde el mirador de las erupciones emitidas por el volc\u00e1n, adem\u00e1s como parte de la aventura usted tendr\u00e1 la oportunidad de disfrutar de las aguas termales ya sea Tabac\u00f3n o Baldi.<\/p>\n<p><strong>Salida:<\/strong> 3:00 PM<br \/>\n<strong>Llegada: <\/strong>9:00 PM<br \/>\n<strong>Tour Incluye: <\/strong> Transporte, gu\u00eda, refrescos, linterna y entrada a la reserva.<br \/>\n<strong>Necesita: <\/strong> Repelente, zapatos para caminar capa en caso de lluvia.<\/p>\n<p><strong>Opciones: <\/strong><br \/>\nel tour: no es recomendado para gente de edad avanzada o con impedimentos f\u00edsicos<\/p>\n<p><strong>Caminata en el Parque Nacional por la Ma\u00f1ana<\/strong><\/p>\n<p>Nuestra caminata por senderos del Arenal, a trav\u00e9s de un bosque lluvioso, es una de las mejores formas de experimentar la \u201cLa Majestuosa Monta\u00f1a del Volc\u00e1n Arenal\u201d. Que su vez con las activas explosiones nos hace disfrutar del comportamiento de la naturaleza a trav\u00e9s de este coloso. Recorriendo y aprendiendo de la diversa flora y fauna para luego a esto poder caminar sobre antiguas rocas de lava y observar\u00e1 las rocas volc\u00e1nicas rodar por las laderas del Arenal. Con la gran oportunidad de ver las cenizas incandescentes que salen del cr\u00e1ter y escuchar los retumbos de las erupciones de gas mientras su gu\u00eda les explica sobre la actividad y la historia de este maravilloso volc\u00e1n<\/p>\n<p><strong>Duraci\u00f3n:<\/strong> Medio d\u00eda<\/p>\n<p><strong>Incluye: <\/strong>Transporte ida y vuelta desde el hotel, gu\u00eda biling\u00fce, entrada al Parque Nacional Volc\u00e1n Arenal, refrescos, agua y galletas.<\/p>\n<p><strong>Debe Llevar:<\/strong> Repelente para Mosquitos, Pantal\u00f3n Largo, Zapatos Cerrados, Tollas, Ba\u00f1ador y Capa.<\/p>\n<p><strong> Se Incluye:<br \/>\n<\/strong> Transporte, Entrada al Parque, Gu\u00eda Biling\u00fce, Bebidas fr\u00edas despu\u00e9s de la caminata, Entrada a las Aguas termales de Baldi ( O ) Tabac\u00f3n<\/p>\n<p>[Best_Wordpress_Gallery id=&#8221;11&#8243; gal_title=&#8221;hiking&#8221;]<\/p>\n","protected":false},"excerpt":{"rendered":"<p>Caminata al Volcan Arenal y Termales Eagle Tours se complace en ofrecer a sus clientes una de las actividades de mayor disfrute para todos aquellos clientes que nos visitan en la zona del Volc\u00e1n Arenal. Siempre ubicando el mejor sitio de observaci\u00f3n de Lava. Eagle &hellip; <\/p>\n","protected":false},"author":3,"featured_media":0,"parent":0,"menu_order":0,"comment_status":"closed","ping_status":"closed","template":"","meta":{"footnotes":""},"class_list":["post-97","page","type-page","status-publish","hentry"],"yoast_head":"<!-- This site is optimized with the Yoast SEO plugin v27.5 - https:\/\/yoast.com\/product\/yoast-seo-wordpress\/ -->\n<title>Caminata al Volcan Arenal y Termales<\/title>\n<meta name=\"description\" content=\"Eagle Tours se complace en ofrecer a sus clientes una de las actividades de mayor disfrute para todos aquellos clientes que nos visitan en la zona\" \/>\n<meta name=\"robots\" content=\"index, follow, max-snippet:-1, max-image-preview:large, max-video-preview:-1\" \/>\n<link rel=\"canonical\" href=\"https:\/\/www.eagletours.net\/?page_id=97\" \/>\n<meta property=\"og:locale\" content=\"en_US\" \/>\n<meta property=\"og:type\" content=\"article\" \/>\n<meta property=\"og:title\" content=\"Caminata al Volcan Arenal y Termales\" \/>\n<meta property=\"og:description\" content=\"Eagle Tours se complace en ofrecer a sus clientes una de las actividades de mayor disfrute para todos aquellos clientes que nos visitan en la zona\" \/>\n<meta property=\"og:url\" content=\"https:\/\/www.eagletours.net\/?page_id=97\" \/>\n<meta property=\"og:site_name\" content=\"Eagle Tours\" \/>\n<meta property=\"article:modified_time\" content=\"2021-08-29T14:24:45+00:00\" \/>\n<meta name=\"twitter:card\" content=\"summary_large_image\" \/>\n<meta name=\"twitter:label1\" content=\"Est. reading time\" \/>\n\t<meta name=\"twitter:data1\" content=\"2 minutes\" \/>\n<script type=\"application\/ld+json\" class=\"yoast-schema-graph\">{\"@context\":\"https:\\\/\\\/schema.org\",\"@graph\":[{\"@type\":\"WebPage\",\"@id\":\"https:\\\/\\\/www.eagletours.net\\\/?page_id=97\",\"url\":\"https:\\\/\\\/www.eagletours.net\\\/?page_id=97\",\"name\":\"Caminata al Volcan Arenal y Termales\",\"isPartOf\":{\"@id\":\"https:\\\/\\\/www.eagletours.net\\\/#website\"},\"datePublished\":\"2015-05-02T02:13:17+00:00\",\"dateModified\":\"2021-08-29T14:24:45+00:00\",\"description\":\"Eagle Tours se complace en ofrecer a sus clientes una de las actividades de mayor disfrute para todos aquellos clientes que nos visitan en la zona\",\"breadcrumb\":{\"@id\":\"https:\\\/\\\/www.eagletours.net\\\/?page_id=97#breadcrumb\"},\"inLanguage\":\"en-US\",\"potentialAction\":[{\"@type\":\"ReadAction\",\"target\":[\"https:\\\/\\\/www.eagletours.net\\\/?page_id=97\"]}]},{\"@type\":\"BreadcrumbList\",\"@id\":\"https:\\\/\\\/www.eagletours.net\\\/?page_id=97#breadcrumb\",\"itemListElement\":[{\"@type\":\"ListItem\",\"position\":1,\"name\":\"Home\",\"item\":\"https:\\\/\\\/www.eagletours.net\\\/\"},{\"@type\":\"ListItem\",\"position\":2,\"name\":\"Caminata al Volcan Arenal y Termales\"}]},{\"@type\":\"WebSite\",\"@id\":\"https:\\\/\\\/www.eagletours.net\\\/#website\",\"url\":\"https:\\\/\\\/www.eagletours.net\\\/\",\"name\":\"Eagle Tours\",\"description\":\"Tour Operator in La Fortuna\",\"publisher\":{\"@id\":\"https:\\\/\\\/www.eagletours.net\\\/#organization\"},\"potentialAction\":[{\"@type\":\"SearchAction\",\"target\":{\"@type\":\"EntryPoint\",\"urlTemplate\":\"https:\\\/\\\/www.eagletours.net\\\/?s={search_term_string}\"},\"query-input\":{\"@type\":\"PropertyValueSpecification\",\"valueRequired\":true,\"valueName\":\"search_term_string\"}}],\"inLanguage\":\"en-US\"},{\"@type\":\"Organization\",\"@id\":\"https:\\\/\\\/www.eagletours.net\\\/#organization\",\"name\":\"Eagle Tours\",\"url\":\"https:\\\/\\\/www.eagletours.net\\\/\",\"logo\":{\"@type\":\"ImageObject\",\"inLanguage\":\"en-US\",\"@id\":\"https:\\\/\\\/www.eagletours.net\\\/#\\\/schema\\\/logo\\\/image\\\/\",\"url\":\"https:\\\/\\\/www.eagletours.net\\\/wp-content\\\/uploads\\\/2022\\\/10\\\/cropped-eagle-logo.jpg\",\"contentUrl\":\"https:\\\/\\\/www.eagletours.net\\\/wp-content\\\/uploads\\\/2022\\\/10\\\/cropped-eagle-logo.jpg\",\"width\":282,\"height\":195,\"caption\":\"Eagle Tours\"},\"image\":{\"@id\":\"https:\\\/\\\/www.eagletours.net\\\/#\\\/schema\\\/logo\\\/image\\\/\"}}]}<\/script>\n<!-- \/ Yoast SEO plugin. -->","yoast_head_json":{"title":"Caminata al Volcan Arenal y Termales","description":"Eagle Tours se complace en ofrecer a sus clientes una de las actividades de mayor disfrute para todos aquellos clientes que nos visitan en la zona","robots":{"index":"index","follow":"follow","max-snippet":"max-snippet:-1","max-image-preview":"max-image-preview:large","max-video-preview":"max-video-preview:-1"},"canonical":"https:\/\/www.eagletours.net\/?page_id=97","og_locale":"en_US","og_type":"article","og_title":"Caminata al Volcan Arenal y Termales","og_description":"Eagle Tours se complace en ofrecer a sus clientes una de las actividades de mayor disfrute para todos aquellos clientes que nos visitan en la zona","og_url":"https:\/\/www.eagletours.net\/?page_id=97","og_site_name":"Eagle Tours","article_modified_time":"2021-08-29T14:24:45+00:00","twitter_card":"summary_large_image","twitter_misc":{"Est. reading time":"2 minutes"},"schema":{"@context":"https:\/\/schema.org","@graph":[{"@type":"WebPage","@id":"https:\/\/www.eagletours.net\/?page_id=97","url":"https:\/\/www.eagletours.net\/?page_id=97","name":"Caminata al Volcan Arenal y Termales","isPartOf":{"@id":"https:\/\/www.eagletours.net\/#website"},"datePublished":"2015-05-02T02:13:17+00:00","dateModified":"2021-08-29T14:24:45+00:00","description":"Eagle Tours se complace en ofrecer a sus clientes una de las actividades de mayor disfrute para todos aquellos clientes que nos visitan en la zona","breadcrumb":{"@id":"https:\/\/www.eagletours.net\/?page_id=97#breadcrumb"},"inLanguage":"en-US","potentialAction":[{"@type":"ReadAction","target":["https:\/\/www.eagletours.net\/?page_id=97"]}]},{"@type":"BreadcrumbList","@id":"https:\/\/www.eagletours.net\/?page_id=97#breadcrumb","itemListElement":[{"@type":"ListItem","position":1,"name":"Home","item":"https:\/\/www.eagletours.net\/"},{"@type":"ListItem","position":2,"name":"Caminata al Volcan Arenal y Termales"}]},{"@type":"WebSite","@id":"https:\/\/www.eagletours.net\/#website","url":"https:\/\/www.eagletours.net\/","name":"Eagle Tours","description":"Tour Operator in La Fortuna","publisher":{"@id":"https:\/\/www.eagletours.net\/#organization"},"potentialAction":[{"@type":"SearchAction","target":{"@type":"EntryPoint","urlTemplate":"https:\/\/www.eagletours.net\/?s={search_term_string}"},"query-input":{"@type":"PropertyValueSpecification","valueRequired":true,"valueName":"search_term_string"}}],"inLanguage":"en-US"},{"@type":"Organization","@id":"https:\/\/www.eagletours.net\/#organization","name":"Eagle Tours","url":"https:\/\/www.eagletours.net\/","logo":{"@type":"ImageObject","inLanguage":"en-US","@id":"https:\/\/www.eagletours.net\/#\/schema\/logo\/image\/","url":"https:\/\/www.eagletours.net\/wp-content\/uploads\/2022\/10\/cropped-eagle-logo.jpg","contentUrl":"https:\/\/www.eagletours.net\/wp-content\/uploads\/2022\/10\/cropped-eagle-logo.jpg","width":282,"height":195,"caption":"Eagle Tours"},"image":{"@id":"https:\/\/www.eagletours.net\/#\/schema\/logo\/image\/"}}]}},"_links":{"self":[{"href":"https:\/\/www.eagletours.net\/index.php?rest_route=\/wp\/v2\/pages\/97","targetHints":{"allow":["GET"]}}],"collection":[{"href":"https:\/\/www.eagletours.net\/index.php?rest_route=\/wp\/v2\/pages"}],"about":[{"href":"https:\/\/www.eagletours.net\/index.php?rest_route=\/wp\/v2\/types\/page"}],"author":[{"embeddable":true,"href":"https:\/\/www.eagletours.net\/index.php?rest_route=\/wp\/v2\/users\/3"}],"replies":[{"embeddable":true,"href":"https:\/\/www.eagletours.net\/index.php?rest_route=%2Fwp%2Fv2%2Fcomments&post=97"}],"version-history":[{"count":1,"href":"https:\/\/www.eagletours.net\/index.php?rest_route=\/wp\/v2\/pages\/97\/revisions"}],"predecessor-version":[{"id":880,"href":"https:\/\/www.eagletours.net\/index.php?rest_route=\/wp\/v2\/pages\/97\/revisions\/880"}],"wp:attachment":[{"href":"https:\/\/www.eagletours.net\/index.php?rest_route=%2Fwp%2Fv2%2Fmedia&parent=97"}],"curies":[{"name":"wp","href":"https:\/\/api.w.org\/{rel}","templated":true}]}}