{"id":134,"date":"2015-05-02T02:52:09","date_gmt":"2015-05-02T02:52:09","guid":{"rendered":"https:\/\/www.eagletours.net\/web\/?page_id=134"},"modified":"2015-05-02T02:52:09","modified_gmt":"2015-05-02T02:52:09","slug":"tours-combinados","status":"publish","type":"page","link":"https:\/\/www.eagletours.net\/?page_id=134","title":{"rendered":"Tours Combinados"},"content":{"rendered":"<p><strong>Combo Tour Puentes Colgantes \u2013 Catartas \u2013 Volc\u00e1n Arenal con Tabac\u00f3n y Cena<\/strong><\/p>\n<p>Iniciamos a las 7:30 a.m con la visita a los Puentes Colgantes del Arenal, un recorrido de 3 Km. de senderos con 15 puentes con longitudes de 5 a 100 metros y con alturas m\u00e1ximas de hasta 60 metros, un escenario espectacular del bosque primario h\u00famedo tropical especial para la observaci\u00f3n de aves, plantas, reptiles, mam\u00edferos e insectos. Volvemos al pueblo y manejamos s\u00f3lo 15 minutos a la catarata de la Fortuna.<\/p>\n<p>En la base de la misma donde puede disfrutar de un escenario apto para nadar, con enormes ca\u00f1ones rocosos a los alrededores ideales para el cliente que gusta de la naturaleza. Tambi\u00e9n disfrutar\u00e1n de vistas espectaculares del valle y el bosque tropical. Despu\u00e9s de este refrescante ba\u00f1o manejamos de regreso al pueblo para tomar un almuerzo en el \u2018Restaurante Choza de Laurel o Similar.\u201d<\/p>\n<p>Despu\u00e9s disfrutamos de una caminata en el Parque Nacional Volc\u00e1n Arenal a trav\u00e9s del bosque tropical h\u00famedo por aproximadamente unos 45 minutos para llegar a la base de los flujos de lava de 1992. Desde este sitio usted tiene la oportunidad de ver el atardecer y en la noche apreciar la lava que fluye es una experiencia que le asombrar\u00e1. Hay posibilidad de observar una gran variedad de plantas, fauna, la magnificencia del Arenal y el Lago Arenal.<\/p>\n<p>\u00a1Un gran dia! Despu\u00e9s de haber disfrutado de un d\u00eda completo le esperan las aguas termales de Tabac\u00f3n.<\/p>\n<p>Donde estaremos por un periodo de 3 horas total donde adem\u00e1s tomara de una deliciosa cena Buffet en el restaurante del mismo lugar.<\/p>\n<p><strong>Incluye:<\/strong> Trasporte, entradas, gu\u00eda naturalista, almuerzo, cena, bebidas fr\u00edas y equipo.<\/p>\n<p><strong>Que Traer:<\/strong><br \/>\nRopa confortable, zapatos para caminar, repelentes para mosquitos, traje de ba\u00f1o, toalla, c\u00e1mara, binoculares, ropa extra y sandalias.<\/p>\n<p><strong>Hora de Salida<\/strong><br \/>\n8:00 AM<\/p>","protected":false},"excerpt":{"rendered":"<p>Combo Tour Puentes Colgantes \u2013 Catartas \u2013 Volc\u00e1n Arenal con Tabac\u00f3n y Cena Iniciamos a las 7:30 a.m con la visita a los Puentes Colgantes del Arenal, un recorrido de 3 Km. de senderos con 15 puentes con longitudes de 5 a 100 metros y &hellip; <\/p>\n","protected":false},"author":3,"featured_media":0,"parent":0,"menu_order":0,"comment_status":"closed","ping_status":"closed","template":"","meta":{"footnotes":""},"class_list":["post-134","page","type-page","status-publish","hentry"],"yoast_head":"<!-- This site is optimized with the Yoast SEO plugin v27.5 - https:\/\/yoast.com\/product\/yoast-seo-wordpress\/ -->\n<title>Tours Combinados - Eagle Tours<\/title>\n<meta name=\"robots\" content=\"index, follow, max-snippet:-1, max-image-preview:large, max-video-preview:-1\" \/>\n<link rel=\"canonical\" href=\"https:\/\/www.eagletours.net\/?page_id=134\" \/>\n<meta property=\"og:locale\" content=\"en_US\" \/>\n<meta property=\"og:type\" content=\"article\" \/>\n<meta property=\"og:title\" content=\"Tours Combinados - Eagle Tours\" \/>\n<meta property=\"og:description\" content=\"Combo Tour Puentes Colgantes \u2013 Catartas \u2013 Volc\u00e1n Arenal con Tabac\u00f3n y Cena Iniciamos a las 7:30 a.m con la visita a los Puentes Colgantes del Arenal, un recorrido de 3 Km. de senderos con 15 puentes con longitudes de 5 a 100 metros y &hellip;\" \/>\n<meta property=\"og:url\" content=\"https:\/\/www.eagletours.net\/?page_id=134\" \/>\n<meta property=\"og:site_name\" content=\"Eagle Tours\" \/>\n<meta name=\"twitter:card\" content=\"summary_large_image\" \/>\n<meta name=\"twitter:label1\" content=\"Est. reading time\" \/>\n\t<meta name=\"twitter:data1\" content=\"2 minutes\" \/>\n<script type=\"application\/ld+json\" class=\"yoast-schema-graph\">{\"@context\":\"https:\\\/\\\/schema.org\",\"@graph\":[{\"@type\":\"WebPage\",\"@id\":\"https:\\\/\\\/www.eagletours.net\\\/?page_id=134\",\"url\":\"https:\\\/\\\/www.eagletours.net\\\/?page_id=134\",\"name\":\"Tours Combinados - Eagle Tours\",\"isPartOf\":{\"@id\":\"https:\\\/\\\/www.eagletours.net\\\/#website\"},\"datePublished\":\"2015-05-02T02:52:09+00:00\",\"breadcrumb\":{\"@id\":\"https:\\\/\\\/www.eagletours.net\\\/?page_id=134#breadcrumb\"},\"inLanguage\":\"en-US\",\"potentialAction\":[{\"@type\":\"ReadAction\",\"target\":[\"https:\\\/\\\/www.eagletours.net\\\/?page_id=134\"]}]},{\"@type\":\"BreadcrumbList\",\"@id\":\"https:\\\/\\\/www.eagletours.net\\\/?page_id=134#breadcrumb\",\"itemListElement\":[{\"@type\":\"ListItem\",\"position\":1,\"name\":\"Home\",\"item\":\"https:\\\/\\\/www.eagletours.net\\\/\"},{\"@type\":\"ListItem\",\"position\":2,\"name\":\"Tours Combinados\"}]},{\"@type\":\"WebSite\",\"@id\":\"https:\\\/\\\/www.eagletours.net\\\/#website\",\"url\":\"https:\\\/\\\/www.eagletours.net\\\/\",\"name\":\"Eagle Tours\",\"description\":\"Tour Operator in La Fortuna\",\"publisher\":{\"@id\":\"https:\\\/\\\/www.eagletours.net\\\/#organization\"},\"potentialAction\":[{\"@type\":\"SearchAction\",\"target\":{\"@type\":\"EntryPoint\",\"urlTemplate\":\"https:\\\/\\\/www.eagletours.net\\\/?s={search_term_string}\"},\"query-input\":{\"@type\":\"PropertyValueSpecification\",\"valueRequired\":true,\"valueName\":\"search_term_string\"}}],\"inLanguage\":\"en-US\"},{\"@type\":\"Organization\",\"@id\":\"https:\\\/\\\/www.eagletours.net\\\/#organization\",\"name\":\"Eagle Tours\",\"url\":\"https:\\\/\\\/www.eagletours.net\\\/\",\"logo\":{\"@type\":\"ImageObject\",\"inLanguage\":\"en-US\",\"@id\":\"https:\\\/\\\/www.eagletours.net\\\/#\\\/schema\\\/logo\\\/image\\\/\",\"url\":\"https:\\\/\\\/www.eagletours.net\\\/wp-content\\\/uploads\\\/2022\\\/10\\\/cropped-eagle-logo.jpg\",\"contentUrl\":\"https:\\\/\\\/www.eagletours.net\\\/wp-content\\\/uploads\\\/2022\\\/10\\\/cropped-eagle-logo.jpg\",\"width\":282,\"height\":195,\"caption\":\"Eagle Tours\"},\"image\":{\"@id\":\"https:\\\/\\\/www.eagletours.net\\\/#\\\/schema\\\/logo\\\/image\\\/\"}}]}<\/script>\n<!-- \/ Yoast SEO plugin. -->","yoast_head_json":{"title":"Tours Combinados - Eagle Tours","robots":{"index":"index","follow":"follow","max-snippet":"max-snippet:-1","max-image-preview":"max-image-preview:large","max-video-preview":"max-video-preview:-1"},"canonical":"https:\/\/www.eagletours.net\/?page_id=134","og_locale":"en_US","og_type":"article","og_title":"Tours Combinados - Eagle Tours","og_description":"Combo Tour Puentes Colgantes \u2013 Catartas \u2013 Volc\u00e1n Arenal con Tabac\u00f3n y Cena Iniciamos a las 7:30 a.m con la visita a los Puentes Colgantes del Arenal, un recorrido de 3 Km. de senderos con 15 puentes con longitudes de 5 a 100 metros y &hellip;","og_url":"https:\/\/www.eagletours.net\/?page_id=134","og_site_name":"Eagle Tours","twitter_card":"summary_large_image","twitter_misc":{"Est. reading time":"2 minutes"},"schema":{"@context":"https:\/\/schema.org","@graph":[{"@type":"WebPage","@id":"https:\/\/www.eagletours.net\/?page_id=134","url":"https:\/\/www.eagletours.net\/?page_id=134","name":"Tours Combinados - Eagle Tours","isPartOf":{"@id":"https:\/\/www.eagletours.net\/#website"},"datePublished":"2015-05-02T02:52:09+00:00","breadcrumb":{"@id":"https:\/\/www.eagletours.net\/?page_id=134#breadcrumb"},"inLanguage":"en-US","potentialAction":[{"@type":"ReadAction","target":["https:\/\/www.eagletours.net\/?page_id=134"]}]},{"@type":"BreadcrumbList","@id":"https:\/\/www.eagletours.net\/?page_id=134#breadcrumb","itemListElement":[{"@type":"ListItem","position":1,"name":"Home","item":"https:\/\/www.eagletours.net\/"},{"@type":"ListItem","position":2,"name":"Tours Combinados"}]},{"@type":"WebSite","@id":"https:\/\/www.eagletours.net\/#website","url":"https:\/\/www.eagletours.net\/","name":"Eagle Tours","description":"Tour Operator in La Fortuna","publisher":{"@id":"https:\/\/www.eagletours.net\/#organization"},"potentialAction":[{"@type":"SearchAction","target":{"@type":"EntryPoint","urlTemplate":"https:\/\/www.eagletours.net\/?s={search_term_string}"},"query-input":{"@type":"PropertyValueSpecification","valueRequired":true,"valueName":"search_term_string"}}],"inLanguage":"en-US"},{"@type":"Organization","@id":"https:\/\/www.eagletours.net\/#organization","name":"Eagle Tours","url":"https:\/\/www.eagletours.net\/","logo":{"@type":"ImageObject","inLanguage":"en-US","@id":"https:\/\/www.eagletours.net\/#\/schema\/logo\/image\/","url":"https:\/\/www.eagletours.net\/wp-content\/uploads\/2022\/10\/cropped-eagle-logo.jpg","contentUrl":"https:\/\/www.eagletours.net\/wp-content\/uploads\/2022\/10\/cropped-eagle-logo.jpg","width":282,"height":195,"caption":"Eagle Tours"},"image":{"@id":"https:\/\/www.eagletours.net\/#\/schema\/logo\/image\/"}}]}},"_links":{"self":[{"href":"https:\/\/www.eagletours.net\/index.php?rest_route=\/wp\/v2\/pages\/134","targetHints":{"allow":["GET"]}}],"collection":[{"href":"https:\/\/www.eagletours.net\/index.php?rest_route=\/wp\/v2\/pages"}],"about":[{"href":"https:\/\/www.eagletours.net\/index.php?rest_route=\/wp\/v2\/types\/page"}],"author":[{"embeddable":true,"href":"https:\/\/www.eagletours.net\/index.php?rest_route=\/wp\/v2\/users\/3"}],"replies":[{"embeddable":true,"href":"https:\/\/www.eagletours.net\/index.php?rest_route=%2Fwp%2Fv2%2Fcomments&post=134"}],"version-history":[{"count":1,"href":"https:\/\/www.eagletours.net\/index.php?rest_route=\/wp\/v2\/pages\/134\/revisions"}],"predecessor-version":[{"id":135,"href":"https:\/\/www.eagletours.net\/index.php?rest_route=\/wp\/v2\/pages\/134\/revisions\/135"}],"wp:attachment":[{"href":"https:\/\/www.eagletours.net\/index.php?rest_route=%2Fwp%2Fv2%2Fmedia&parent=134"}],"curies":[{"name":"wp","href":"https:\/\/api.w.org\/{rel}","templated":true}]}}