{"id":131,"date":"2015-05-02T02:50:31","date_gmt":"2015-05-02T02:50:31","guid":{"rendered":"https:\/\/www.eagletours.net\/web\/?page_id=131"},"modified":"2015-05-02T02:50:31","modified_gmt":"2015-05-02T02:50:31","slug":"tour-de-kayak-en-el-lago-arenal","status":"publish","type":"page","link":"https:\/\/www.eagletours.net\/?page_id=131","title":{"rendered":"Tour de Kayak en el Lago Arenal"},"content":{"rendered":"<p>El Lago Arenal es el m\u00e1s grande y el m\u00e1s importante en Costa Rica, este es de origen artificial construido en 1974 con el fin de obtener energ\u00eda hidroel\u00e9ctrica para el pa\u00eds.<br \/>\nTambi\u00e9n es un lugar donde podemos encontrar variedad de aves residentes y<br \/>\nmigratorias, en algunas ocasiones es posible observar mam\u00edferos como monos y<br \/>\nperezosos en los alrededores del lugar.<\/p>\n<p>Este tour ofrece una combinaci\u00f3n del Lago y el Volc\u00e1n Arenal, los turistas deber\u00e1n ser transportados hasta el lugar conocido como la Represa, sitio donde iniciaremos nuestro paseo de 1 \u00bd horas. Navegando en los alrededores del lago podremos observar el costado oeste del Volc\u00e1n Arenal, el cual se encuentra quemado debido a las continuas erupciones emitidas por el Arenal.<\/p>\n<p><strong>Hora de Salida<\/strong> 8:00 AM<\/p>\n<p><strong>M\u00ednimo<\/strong> 2 PERSONAS<\/p>\n<p><strong>Incluye:<\/strong> Transporte, Guia, Refrigerio, chalecos.<\/p>\n<p><strong>Llevar:<\/strong> Ropa fresca, zapatos livianos, bloqueardor del sol,vinocoluraes.<\/p>\n<p>[Best_Wordpress_Gallery id=&#8221;20&#8243; gal_title=&#8221;kayak&#8221;]<\/p>\n","protected":false},"excerpt":{"rendered":"<p>El Lago Arenal es el m\u00e1s grande y el m\u00e1s importante en Costa Rica, este es de origen artificial construido en 1974 con el fin de obtener energ\u00eda hidroel\u00e9ctrica para el pa\u00eds. Tambi\u00e9n es un lugar donde podemos encontrar variedad de aves residentes y migratorias, &hellip; <\/p>\n","protected":false},"author":3,"featured_media":0,"parent":0,"menu_order":0,"comment_status":"closed","ping_status":"closed","template":"","meta":{"footnotes":""},"class_list":["post-131","page","type-page","status-publish","hentry"],"yoast_head":"<!-- This site is optimized with the Yoast SEO plugin v27.5 - https:\/\/yoast.com\/product\/yoast-seo-wordpress\/ -->\n<title>Tour de Kayak en el Lago Arenal - Eagle Tours<\/title>\n<meta name=\"robots\" content=\"index, follow, max-snippet:-1, max-image-preview:large, max-video-preview:-1\" \/>\n<link rel=\"canonical\" href=\"https:\/\/www.eagletours.net\/?page_id=131\" \/>\n<meta property=\"og:locale\" content=\"en_US\" \/>\n<meta property=\"og:type\" content=\"article\" \/>\n<meta property=\"og:title\" content=\"Tour de Kayak en el Lago Arenal - Eagle Tours\" \/>\n<meta property=\"og:description\" content=\"El Lago Arenal es el m\u00e1s grande y el m\u00e1s importante en Costa Rica, este es de origen artificial construido en 1974 con el fin de obtener energ\u00eda hidroel\u00e9ctrica para el pa\u00eds. Tambi\u00e9n es un lugar donde podemos encontrar variedad de aves residentes y migratorias, &hellip;\" \/>\n<meta property=\"og:url\" content=\"https:\/\/www.eagletours.net\/?page_id=131\" \/>\n<meta property=\"og:site_name\" content=\"Eagle Tours\" \/>\n<meta name=\"twitter:card\" content=\"summary_large_image\" \/>\n<meta name=\"twitter:label1\" content=\"Est. reading time\" \/>\n\t<meta name=\"twitter:data1\" content=\"1 minute\" \/>\n<script type=\"application\/ld+json\" class=\"yoast-schema-graph\">{\"@context\":\"https:\\\/\\\/schema.org\",\"@graph\":[{\"@type\":\"WebPage\",\"@id\":\"https:\\\/\\\/www.eagletours.net\\\/?page_id=131\",\"url\":\"https:\\\/\\\/www.eagletours.net\\\/?page_id=131\",\"name\":\"Tour de Kayak en el Lago Arenal - Eagle Tours\",\"isPartOf\":{\"@id\":\"https:\\\/\\\/www.eagletours.net\\\/#website\"},\"datePublished\":\"2015-05-02T02:50:31+00:00\",\"breadcrumb\":{\"@id\":\"https:\\\/\\\/www.eagletours.net\\\/?page_id=131#breadcrumb\"},\"inLanguage\":\"en-US\",\"potentialAction\":[{\"@type\":\"ReadAction\",\"target\":[\"https:\\\/\\\/www.eagletours.net\\\/?page_id=131\"]}]},{\"@type\":\"BreadcrumbList\",\"@id\":\"https:\\\/\\\/www.eagletours.net\\\/?page_id=131#breadcrumb\",\"itemListElement\":[{\"@type\":\"ListItem\",\"position\":1,\"name\":\"Home\",\"item\":\"https:\\\/\\\/www.eagletours.net\\\/\"},{\"@type\":\"ListItem\",\"position\":2,\"name\":\"Tour de Kayak en el Lago Arenal\"}]},{\"@type\":\"WebSite\",\"@id\":\"https:\\\/\\\/www.eagletours.net\\\/#website\",\"url\":\"https:\\\/\\\/www.eagletours.net\\\/\",\"name\":\"Eagle Tours\",\"description\":\"Tour Operator in La Fortuna\",\"publisher\":{\"@id\":\"https:\\\/\\\/www.eagletours.net\\\/#organization\"},\"potentialAction\":[{\"@type\":\"SearchAction\",\"target\":{\"@type\":\"EntryPoint\",\"urlTemplate\":\"https:\\\/\\\/www.eagletours.net\\\/?s={search_term_string}\"},\"query-input\":{\"@type\":\"PropertyValueSpecification\",\"valueRequired\":true,\"valueName\":\"search_term_string\"}}],\"inLanguage\":\"en-US\"},{\"@type\":\"Organization\",\"@id\":\"https:\\\/\\\/www.eagletours.net\\\/#organization\",\"name\":\"Eagle Tours\",\"url\":\"https:\\\/\\\/www.eagletours.net\\\/\",\"logo\":{\"@type\":\"ImageObject\",\"inLanguage\":\"en-US\",\"@id\":\"https:\\\/\\\/www.eagletours.net\\\/#\\\/schema\\\/logo\\\/image\\\/\",\"url\":\"https:\\\/\\\/www.eagletours.net\\\/wp-content\\\/uploads\\\/2022\\\/10\\\/cropped-eagle-logo.jpg\",\"contentUrl\":\"https:\\\/\\\/www.eagletours.net\\\/wp-content\\\/uploads\\\/2022\\\/10\\\/cropped-eagle-logo.jpg\",\"width\":282,\"height\":195,\"caption\":\"Eagle Tours\"},\"image\":{\"@id\":\"https:\\\/\\\/www.eagletours.net\\\/#\\\/schema\\\/logo\\\/image\\\/\"}}]}<\/script>\n<!-- \/ Yoast SEO plugin. -->","yoast_head_json":{"title":"Tour de Kayak en el Lago Arenal - Eagle Tours","robots":{"index":"index","follow":"follow","max-snippet":"max-snippet:-1","max-image-preview":"max-image-preview:large","max-video-preview":"max-video-preview:-1"},"canonical":"https:\/\/www.eagletours.net\/?page_id=131","og_locale":"en_US","og_type":"article","og_title":"Tour de Kayak en el Lago Arenal - Eagle Tours","og_description":"El Lago Arenal es el m\u00e1s grande y el m\u00e1s importante en Costa Rica, este es de origen artificial construido en 1974 con el fin de obtener energ\u00eda hidroel\u00e9ctrica para el pa\u00eds. Tambi\u00e9n es un lugar donde podemos encontrar variedad de aves residentes y migratorias, &hellip;","og_url":"https:\/\/www.eagletours.net\/?page_id=131","og_site_name":"Eagle Tours","twitter_card":"summary_large_image","twitter_misc":{"Est. reading time":"1 minute"},"schema":{"@context":"https:\/\/schema.org","@graph":[{"@type":"WebPage","@id":"https:\/\/www.eagletours.net\/?page_id=131","url":"https:\/\/www.eagletours.net\/?page_id=131","name":"Tour de Kayak en el Lago Arenal - Eagle Tours","isPartOf":{"@id":"https:\/\/www.eagletours.net\/#website"},"datePublished":"2015-05-02T02:50:31+00:00","breadcrumb":{"@id":"https:\/\/www.eagletours.net\/?page_id=131#breadcrumb"},"inLanguage":"en-US","potentialAction":[{"@type":"ReadAction","target":["https:\/\/www.eagletours.net\/?page_id=131"]}]},{"@type":"BreadcrumbList","@id":"https:\/\/www.eagletours.net\/?page_id=131#breadcrumb","itemListElement":[{"@type":"ListItem","position":1,"name":"Home","item":"https:\/\/www.eagletours.net\/"},{"@type":"ListItem","position":2,"name":"Tour de Kayak en el Lago Arenal"}]},{"@type":"WebSite","@id":"https:\/\/www.eagletours.net\/#website","url":"https:\/\/www.eagletours.net\/","name":"Eagle Tours","description":"Tour Operator in La Fortuna","publisher":{"@id":"https:\/\/www.eagletours.net\/#organization"},"potentialAction":[{"@type":"SearchAction","target":{"@type":"EntryPoint","urlTemplate":"https:\/\/www.eagletours.net\/?s={search_term_string}"},"query-input":{"@type":"PropertyValueSpecification","valueRequired":true,"valueName":"search_term_string"}}],"inLanguage":"en-US"},{"@type":"Organization","@id":"https:\/\/www.eagletours.net\/#organization","name":"Eagle Tours","url":"https:\/\/www.eagletours.net\/","logo":{"@type":"ImageObject","inLanguage":"en-US","@id":"https:\/\/www.eagletours.net\/#\/schema\/logo\/image\/","url":"https:\/\/www.eagletours.net\/wp-content\/uploads\/2022\/10\/cropped-eagle-logo.jpg","contentUrl":"https:\/\/www.eagletours.net\/wp-content\/uploads\/2022\/10\/cropped-eagle-logo.jpg","width":282,"height":195,"caption":"Eagle Tours"},"image":{"@id":"https:\/\/www.eagletours.net\/#\/schema\/logo\/image\/"}}]}},"_links":{"self":[{"href":"https:\/\/www.eagletours.net\/index.php?rest_route=\/wp\/v2\/pages\/131","targetHints":{"allow":["GET"]}}],"collection":[{"href":"https:\/\/www.eagletours.net\/index.php?rest_route=\/wp\/v2\/pages"}],"about":[{"href":"https:\/\/www.eagletours.net\/index.php?rest_route=\/wp\/v2\/types\/page"}],"author":[{"embeddable":true,"href":"https:\/\/www.eagletours.net\/index.php?rest_route=\/wp\/v2\/users\/3"}],"replies":[{"embeddable":true,"href":"https:\/\/www.eagletours.net\/index.php?rest_route=%2Fwp%2Fv2%2Fcomments&post=131"}],"version-history":[{"count":1,"href":"https:\/\/www.eagletours.net\/index.php?rest_route=\/wp\/v2\/pages\/131\/revisions"}],"predecessor-version":[{"id":132,"href":"https:\/\/www.eagletours.net\/index.php?rest_route=\/wp\/v2\/pages\/131\/revisions\/132"}],"wp:attachment":[{"href":"https:\/\/www.eagletours.net\/index.php?rest_route=%2Fwp%2Fv2%2Fmedia&parent=131"}],"curies":[{"name":"wp","href":"https:\/\/api.w.org\/{rel}","templated":true}]}}