{"id":128,"date":"2015-05-02T02:48:56","date_gmt":"2015-05-02T02:48:56","guid":{"rendered":"https:\/\/www.eagletours.net\/web\/?page_id=128"},"modified":"2015-05-02T02:48:56","modified_gmt":"2015-05-02T02:48:56","slug":"puentes-colgantes-del-arenal","status":"publish","type":"page","link":"https:\/\/www.eagletours.net\/?page_id=128","title":{"rendered":"Puentes Colgantes del Arenal"},"content":{"rendered":"<p>Los Puentes Colgantes del Arenal comprenden un \u00e1rea de 600 acres conservados como una reserva forestal. Posee impresionante y variada vegetaci\u00f3n adem\u00e1s de una gran variedad de aves y animales que su experimentado gu\u00eda le ayudar\u00e1 a ubicar.<\/p>\n<p>El sendero es de 3.1 kil\u00f3metros de longitud y cruza en su recorrido por 15 puentes dise\u00f1ados especialmente para la observaci\u00f3n de la flora y fauna as\u00ed como de los paisajes.<\/p>\n<p><strong>Salida:<\/strong> 8:00 AM \/\/ 1:00 PM<\/p>\n<p><strong>Incluye:<\/strong><br \/>\nTransporte, entrada, gu\u00eda naturalista y bebidas.<\/p>\n<p><strong>Que Traer:<\/strong><br \/>\nRopa c\u00f3moda, zapatos cerrados, repelente de insectos, c\u00e1mara, binoculares, bloqueador (d\u00edas soleados) o capa (d\u00edas lluviosos).<\/p>\n<p><strong>Recomendaciones:<\/strong><br \/>\nLe recomendamos esta actividad a cualquier persona, ni\u00f1os o adultos amantes de la naturaleza.<\/p>\n<p>[Best_Wordpress_Gallery id=&#8221;19&#8243; gal_title=&#8221;puentes&#8221;]<\/p>\n","protected":false},"excerpt":{"rendered":"<p>Los Puentes Colgantes del Arenal comprenden un \u00e1rea de 600 acres conservados como una reserva forestal. Posee impresionante y variada vegetaci\u00f3n adem\u00e1s de una gran variedad de aves y animales que su experimentado gu\u00eda le ayudar\u00e1 a ubicar. El sendero es de 3.1 kil\u00f3metros de &hellip; <\/p>\n","protected":false},"author":3,"featured_media":0,"parent":0,"menu_order":0,"comment_status":"closed","ping_status":"closed","template":"","meta":{"footnotes":""},"class_list":["post-128","page","type-page","status-publish","hentry"],"yoast_head":"<!-- This site is optimized with the Yoast SEO plugin v27.5 - https:\/\/yoast.com\/product\/yoast-seo-wordpress\/ -->\n<title>Puentes Colgantes del Arenal - Eagle Tours<\/title>\n<meta name=\"robots\" content=\"index, follow, max-snippet:-1, max-image-preview:large, max-video-preview:-1\" \/>\n<link rel=\"canonical\" href=\"https:\/\/www.eagletours.net\/?page_id=128\" \/>\n<meta property=\"og:locale\" content=\"en_US\" \/>\n<meta property=\"og:type\" content=\"article\" \/>\n<meta property=\"og:title\" content=\"Puentes Colgantes del Arenal - Eagle Tours\" \/>\n<meta property=\"og:description\" content=\"Los Puentes Colgantes del Arenal comprenden un \u00e1rea de 600 acres conservados como una reserva forestal. Posee impresionante y variada vegetaci\u00f3n adem\u00e1s de una gran variedad de aves y animales que su experimentado gu\u00eda le ayudar\u00e1 a ubicar. El sendero es de 3.1 kil\u00f3metros de &hellip;\" \/>\n<meta property=\"og:url\" content=\"https:\/\/www.eagletours.net\/?page_id=128\" \/>\n<meta property=\"og:site_name\" content=\"Eagle Tours\" \/>\n<meta name=\"twitter:card\" content=\"summary_large_image\" \/>\n<meta name=\"twitter:label1\" content=\"Est. reading time\" \/>\n\t<meta name=\"twitter:data1\" content=\"1 minute\" \/>\n<script type=\"application\/ld+json\" class=\"yoast-schema-graph\">{\"@context\":\"https:\\\/\\\/schema.org\",\"@graph\":[{\"@type\":\"WebPage\",\"@id\":\"https:\\\/\\\/www.eagletours.net\\\/?page_id=128\",\"url\":\"https:\\\/\\\/www.eagletours.net\\\/?page_id=128\",\"name\":\"Puentes Colgantes del Arenal - Eagle Tours\",\"isPartOf\":{\"@id\":\"https:\\\/\\\/www.eagletours.net\\\/#website\"},\"datePublished\":\"2015-05-02T02:48:56+00:00\",\"breadcrumb\":{\"@id\":\"https:\\\/\\\/www.eagletours.net\\\/?page_id=128#breadcrumb\"},\"inLanguage\":\"en-US\",\"potentialAction\":[{\"@type\":\"ReadAction\",\"target\":[\"https:\\\/\\\/www.eagletours.net\\\/?page_id=128\"]}]},{\"@type\":\"BreadcrumbList\",\"@id\":\"https:\\\/\\\/www.eagletours.net\\\/?page_id=128#breadcrumb\",\"itemListElement\":[{\"@type\":\"ListItem\",\"position\":1,\"name\":\"Home\",\"item\":\"https:\\\/\\\/www.eagletours.net\\\/\"},{\"@type\":\"ListItem\",\"position\":2,\"name\":\"Puentes Colgantes del Arenal\"}]},{\"@type\":\"WebSite\",\"@id\":\"https:\\\/\\\/www.eagletours.net\\\/#website\",\"url\":\"https:\\\/\\\/www.eagletours.net\\\/\",\"name\":\"Eagle Tours\",\"description\":\"Tour Operator in La Fortuna\",\"publisher\":{\"@id\":\"https:\\\/\\\/www.eagletours.net\\\/#organization\"},\"potentialAction\":[{\"@type\":\"SearchAction\",\"target\":{\"@type\":\"EntryPoint\",\"urlTemplate\":\"https:\\\/\\\/www.eagletours.net\\\/?s={search_term_string}\"},\"query-input\":{\"@type\":\"PropertyValueSpecification\",\"valueRequired\":true,\"valueName\":\"search_term_string\"}}],\"inLanguage\":\"en-US\"},{\"@type\":\"Organization\",\"@id\":\"https:\\\/\\\/www.eagletours.net\\\/#organization\",\"name\":\"Eagle Tours\",\"url\":\"https:\\\/\\\/www.eagletours.net\\\/\",\"logo\":{\"@type\":\"ImageObject\",\"inLanguage\":\"en-US\",\"@id\":\"https:\\\/\\\/www.eagletours.net\\\/#\\\/schema\\\/logo\\\/image\\\/\",\"url\":\"https:\\\/\\\/www.eagletours.net\\\/wp-content\\\/uploads\\\/2022\\\/10\\\/cropped-eagle-logo.jpg\",\"contentUrl\":\"https:\\\/\\\/www.eagletours.net\\\/wp-content\\\/uploads\\\/2022\\\/10\\\/cropped-eagle-logo.jpg\",\"width\":282,\"height\":195,\"caption\":\"Eagle Tours\"},\"image\":{\"@id\":\"https:\\\/\\\/www.eagletours.net\\\/#\\\/schema\\\/logo\\\/image\\\/\"}}]}<\/script>\n<!-- \/ Yoast SEO plugin. -->","yoast_head_json":{"title":"Puentes Colgantes del Arenal - Eagle Tours","robots":{"index":"index","follow":"follow","max-snippet":"max-snippet:-1","max-image-preview":"max-image-preview:large","max-video-preview":"max-video-preview:-1"},"canonical":"https:\/\/www.eagletours.net\/?page_id=128","og_locale":"en_US","og_type":"article","og_title":"Puentes Colgantes del Arenal - Eagle Tours","og_description":"Los Puentes Colgantes del Arenal comprenden un \u00e1rea de 600 acres conservados como una reserva forestal. Posee impresionante y variada vegetaci\u00f3n adem\u00e1s de una gran variedad de aves y animales que su experimentado gu\u00eda le ayudar\u00e1 a ubicar. El sendero es de 3.1 kil\u00f3metros de &hellip;","og_url":"https:\/\/www.eagletours.net\/?page_id=128","og_site_name":"Eagle Tours","twitter_card":"summary_large_image","twitter_misc":{"Est. reading time":"1 minute"},"schema":{"@context":"https:\/\/schema.org","@graph":[{"@type":"WebPage","@id":"https:\/\/www.eagletours.net\/?page_id=128","url":"https:\/\/www.eagletours.net\/?page_id=128","name":"Puentes Colgantes del Arenal - Eagle Tours","isPartOf":{"@id":"https:\/\/www.eagletours.net\/#website"},"datePublished":"2015-05-02T02:48:56+00:00","breadcrumb":{"@id":"https:\/\/www.eagletours.net\/?page_id=128#breadcrumb"},"inLanguage":"en-US","potentialAction":[{"@type":"ReadAction","target":["https:\/\/www.eagletours.net\/?page_id=128"]}]},{"@type":"BreadcrumbList","@id":"https:\/\/www.eagletours.net\/?page_id=128#breadcrumb","itemListElement":[{"@type":"ListItem","position":1,"name":"Home","item":"https:\/\/www.eagletours.net\/"},{"@type":"ListItem","position":2,"name":"Puentes Colgantes del Arenal"}]},{"@type":"WebSite","@id":"https:\/\/www.eagletours.net\/#website","url":"https:\/\/www.eagletours.net\/","name":"Eagle Tours","description":"Tour Operator in La Fortuna","publisher":{"@id":"https:\/\/www.eagletours.net\/#organization"},"potentialAction":[{"@type":"SearchAction","target":{"@type":"EntryPoint","urlTemplate":"https:\/\/www.eagletours.net\/?s={search_term_string}"},"query-input":{"@type":"PropertyValueSpecification","valueRequired":true,"valueName":"search_term_string"}}],"inLanguage":"en-US"},{"@type":"Organization","@id":"https:\/\/www.eagletours.net\/#organization","name":"Eagle Tours","url":"https:\/\/www.eagletours.net\/","logo":{"@type":"ImageObject","inLanguage":"en-US","@id":"https:\/\/www.eagletours.net\/#\/schema\/logo\/image\/","url":"https:\/\/www.eagletours.net\/wp-content\/uploads\/2022\/10\/cropped-eagle-logo.jpg","contentUrl":"https:\/\/www.eagletours.net\/wp-content\/uploads\/2022\/10\/cropped-eagle-logo.jpg","width":282,"height":195,"caption":"Eagle Tours"},"image":{"@id":"https:\/\/www.eagletours.net\/#\/schema\/logo\/image\/"}}]}},"_links":{"self":[{"href":"https:\/\/www.eagletours.net\/index.php?rest_route=\/wp\/v2\/pages\/128","targetHints":{"allow":["GET"]}}],"collection":[{"href":"https:\/\/www.eagletours.net\/index.php?rest_route=\/wp\/v2\/pages"}],"about":[{"href":"https:\/\/www.eagletours.net\/index.php?rest_route=\/wp\/v2\/types\/page"}],"author":[{"embeddable":true,"href":"https:\/\/www.eagletours.net\/index.php?rest_route=\/wp\/v2\/users\/3"}],"replies":[{"embeddable":true,"href":"https:\/\/www.eagletours.net\/index.php?rest_route=%2Fwp%2Fv2%2Fcomments&post=128"}],"version-history":[{"count":1,"href":"https:\/\/www.eagletours.net\/index.php?rest_route=\/wp\/v2\/pages\/128\/revisions"}],"predecessor-version":[{"id":129,"href":"https:\/\/www.eagletours.net\/index.php?rest_route=\/wp\/v2\/pages\/128\/revisions\/129"}],"wp:attachment":[{"href":"https:\/\/www.eagletours.net\/index.php?rest_route=%2Fwp%2Fv2%2Fmedia&parent=128"}],"curies":[{"name":"wp","href":"https:\/\/api.w.org\/{rel}","templated":true}]}}