{"id":126,"date":"2015-05-02T02:47:08","date_gmt":"2015-05-02T02:47:08","guid":{"rendered":"https:\/\/www.eagletours.net\/web\/?page_id=126"},"modified":"2017-01-10T23:30:59","modified_gmt":"2017-01-10T23:30:59","slug":"cavernas-de-venado","status":"publish","type":"page","link":"https:\/\/www.eagletours.net\/?page_id=126","title":{"rendered":"Cavernas de Venado"},"content":{"rendered":"<p>Otra opci\u00f3n para un tour de medio d\u00eda son las cavernas de venado, donde en medio de la oscuridad, los murci\u00e9galos, las tar\u00e1ntulas, lugares estrechos y agua, usted tendr\u00e1 la oportunidad de ver una gran cantidad de estalactitas y estalagmitas que le dan a este lugar una gran forma esc\u00e9nica, este tour empieza a las 8:00a.m. con destino al peque\u00f1o pueblo de Venado en una confortable microb\u00fas usted tendr\u00e1 la oportunidad de apreciar las bellezas de la zona norte, tales como las verdes fincas de ganado.<br \/>\nEn el camino nos encontraremos con grandes plantaciones de yuca, ca\u00f1a de az\u00facar y naranjas.<br \/>\nLuego llegaremos a la entrada de las cavernas donde se dar\u00e1n instrucciones as\u00ed como el equipo de seguridad para que su estad\u00eda en las cavernas se mas placentera.<br \/>\nPara continuar caminaremos por 3 kil\u00f3metros en 3 horas y media y podremos observar como las estalactitas y estalagmitas y las grandes formaciones de coral toman forma natural, criadas a trav\u00e9s del tiempo.<br \/>\nparte de estas cavernas est\u00e1n cubiertas por r\u00edos subterr\u00e1neos que conectan las cavernas son llamadas &#8220;ventanas&#8221; para poder llegar ai tendremos que caminar con el agua asta la cintura haciendo la aventura aun mas emocionante finalmente saldremos de las cavernas, para luego de tomar una ducha regresar a la Fortuna.<\/p>\n<p align=\"justify\"><strong>Tour Incluye: <\/strong><br \/>\nTransporte, gu\u00eda, bebidas, entrada y equipo de seguridad.<\/p>\n<div align=\"justify\">\n<p><strong>Necesita: <\/strong><br \/>\nropa adecuada para caminar, binoculares, ropa extra para despu\u00e9s del tour y un pa\u00f1o.<\/p>\n<p><strong>Hora de salida: <\/strong> 8:00 AM y 2:00 PM<\/p>\n<p>El tour: este tour no es recomendado para gente que le teme a la oscuridad o a lugares peque\u00f1os,pero a los que les gusta la aventura les fascinara<\/p>\n<p>[Best_Wordpress_Gallery id=&#8221;18&#8243; gal_title=&#8221;caves&#8221;]<\/p>\n<\/div>\n","protected":false},"excerpt":{"rendered":"<p>Otra opci\u00f3n para un tour de medio d\u00eda son las cavernas de venado, donde en medio de la oscuridad, los murci\u00e9galos, las tar\u00e1ntulas, lugares estrechos y agua, usted tendr\u00e1 la oportunidad de ver una gran cantidad de estalactitas y estalagmitas que le dan a este &hellip; <\/p>\n","protected":false},"author":3,"featured_media":0,"parent":0,"menu_order":0,"comment_status":"closed","ping_status":"closed","template":"","meta":{"footnotes":""},"class_list":["post-126","page","type-page","status-publish","hentry"],"yoast_head":"<!-- This site is optimized with the Yoast SEO plugin v27.5 - https:\/\/yoast.com\/product\/yoast-seo-wordpress\/ -->\n<title>Cavernas de Venado<\/title>\n<meta name=\"description\" content=\"Otra opci\u00f3n para un tour de medio d\u00eda son las cavernas de venado, donde en medio de la oscuridad, los murci\u00e9galos, las tar\u00e1ntulas, lugares estrechos\" \/>\n<meta name=\"robots\" content=\"index, follow, max-snippet:-1, max-image-preview:large, max-video-preview:-1\" \/>\n<link rel=\"canonical\" href=\"https:\/\/www.eagletours.net\/?page_id=126\" \/>\n<meta property=\"og:locale\" content=\"en_US\" \/>\n<meta property=\"og:type\" content=\"article\" \/>\n<meta property=\"og:title\" content=\"Cavernas de Venado\" \/>\n<meta property=\"og:description\" content=\"Otra opci\u00f3n para un tour de medio d\u00eda son las cavernas de venado, donde en medio de la oscuridad, los murci\u00e9galos, las tar\u00e1ntulas, lugares estrechos\" \/>\n<meta property=\"og:url\" content=\"https:\/\/www.eagletours.net\/?page_id=126\" \/>\n<meta property=\"og:site_name\" content=\"Eagle Tours\" \/>\n<meta property=\"article:modified_time\" content=\"2017-01-10T23:30:59+00:00\" \/>\n<meta name=\"twitter:card\" content=\"summary_large_image\" \/>\n<meta name=\"twitter:label1\" content=\"Est. reading time\" \/>\n\t<meta name=\"twitter:data1\" content=\"1 minute\" \/>\n<script type=\"application\/ld+json\" class=\"yoast-schema-graph\">{\"@context\":\"https:\\\/\\\/schema.org\",\"@graph\":[{\"@type\":\"WebPage\",\"@id\":\"https:\\\/\\\/www.eagletours.net\\\/?page_id=126\",\"url\":\"https:\\\/\\\/www.eagletours.net\\\/?page_id=126\",\"name\":\"Cavernas de Venado\",\"isPartOf\":{\"@id\":\"https:\\\/\\\/www.eagletours.net\\\/#website\"},\"datePublished\":\"2015-05-02T02:47:08+00:00\",\"dateModified\":\"2017-01-10T23:30:59+00:00\",\"description\":\"Otra opci\u00f3n para un tour de medio d\u00eda son las cavernas de venado, donde en medio de la oscuridad, los murci\u00e9galos, las tar\u00e1ntulas, lugares estrechos\",\"breadcrumb\":{\"@id\":\"https:\\\/\\\/www.eagletours.net\\\/?page_id=126#breadcrumb\"},\"inLanguage\":\"en-US\",\"potentialAction\":[{\"@type\":\"ReadAction\",\"target\":[\"https:\\\/\\\/www.eagletours.net\\\/?page_id=126\"]}]},{\"@type\":\"BreadcrumbList\",\"@id\":\"https:\\\/\\\/www.eagletours.net\\\/?page_id=126#breadcrumb\",\"itemListElement\":[{\"@type\":\"ListItem\",\"position\":1,\"name\":\"Home\",\"item\":\"https:\\\/\\\/www.eagletours.net\\\/\"},{\"@type\":\"ListItem\",\"position\":2,\"name\":\"Cavernas de Venado\"}]},{\"@type\":\"WebSite\",\"@id\":\"https:\\\/\\\/www.eagletours.net\\\/#website\",\"url\":\"https:\\\/\\\/www.eagletours.net\\\/\",\"name\":\"Eagle Tours\",\"description\":\"Tour Operator in La Fortuna\",\"publisher\":{\"@id\":\"https:\\\/\\\/www.eagletours.net\\\/#organization\"},\"potentialAction\":[{\"@type\":\"SearchAction\",\"target\":{\"@type\":\"EntryPoint\",\"urlTemplate\":\"https:\\\/\\\/www.eagletours.net\\\/?s={search_term_string}\"},\"query-input\":{\"@type\":\"PropertyValueSpecification\",\"valueRequired\":true,\"valueName\":\"search_term_string\"}}],\"inLanguage\":\"en-US\"},{\"@type\":\"Organization\",\"@id\":\"https:\\\/\\\/www.eagletours.net\\\/#organization\",\"name\":\"Eagle Tours\",\"url\":\"https:\\\/\\\/www.eagletours.net\\\/\",\"logo\":{\"@type\":\"ImageObject\",\"inLanguage\":\"en-US\",\"@id\":\"https:\\\/\\\/www.eagletours.net\\\/#\\\/schema\\\/logo\\\/image\\\/\",\"url\":\"https:\\\/\\\/www.eagletours.net\\\/wp-content\\\/uploads\\\/2022\\\/10\\\/cropped-eagle-logo.jpg\",\"contentUrl\":\"https:\\\/\\\/www.eagletours.net\\\/wp-content\\\/uploads\\\/2022\\\/10\\\/cropped-eagle-logo.jpg\",\"width\":282,\"height\":195,\"caption\":\"Eagle Tours\"},\"image\":{\"@id\":\"https:\\\/\\\/www.eagletours.net\\\/#\\\/schema\\\/logo\\\/image\\\/\"}}]}<\/script>\n<!-- \/ Yoast SEO plugin. -->","yoast_head_json":{"title":"Cavernas de Venado","description":"Otra opci\u00f3n para un tour de medio d\u00eda son las cavernas de venado, donde en medio de la oscuridad, los murci\u00e9galos, las tar\u00e1ntulas, lugares estrechos","robots":{"index":"index","follow":"follow","max-snippet":"max-snippet:-1","max-image-preview":"max-image-preview:large","max-video-preview":"max-video-preview:-1"},"canonical":"https:\/\/www.eagletours.net\/?page_id=126","og_locale":"en_US","og_type":"article","og_title":"Cavernas de Venado","og_description":"Otra opci\u00f3n para un tour de medio d\u00eda son las cavernas de venado, donde en medio de la oscuridad, los murci\u00e9galos, las tar\u00e1ntulas, lugares estrechos","og_url":"https:\/\/www.eagletours.net\/?page_id=126","og_site_name":"Eagle Tours","article_modified_time":"2017-01-10T23:30:59+00:00","twitter_card":"summary_large_image","twitter_misc":{"Est. reading time":"1 minute"},"schema":{"@context":"https:\/\/schema.org","@graph":[{"@type":"WebPage","@id":"https:\/\/www.eagletours.net\/?page_id=126","url":"https:\/\/www.eagletours.net\/?page_id=126","name":"Cavernas de Venado","isPartOf":{"@id":"https:\/\/www.eagletours.net\/#website"},"datePublished":"2015-05-02T02:47:08+00:00","dateModified":"2017-01-10T23:30:59+00:00","description":"Otra opci\u00f3n para un tour de medio d\u00eda son las cavernas de venado, donde en medio de la oscuridad, los murci\u00e9galos, las tar\u00e1ntulas, lugares estrechos","breadcrumb":{"@id":"https:\/\/www.eagletours.net\/?page_id=126#breadcrumb"},"inLanguage":"en-US","potentialAction":[{"@type":"ReadAction","target":["https:\/\/www.eagletours.net\/?page_id=126"]}]},{"@type":"BreadcrumbList","@id":"https:\/\/www.eagletours.net\/?page_id=126#breadcrumb","itemListElement":[{"@type":"ListItem","position":1,"name":"Home","item":"https:\/\/www.eagletours.net\/"},{"@type":"ListItem","position":2,"name":"Cavernas de Venado"}]},{"@type":"WebSite","@id":"https:\/\/www.eagletours.net\/#website","url":"https:\/\/www.eagletours.net\/","name":"Eagle Tours","description":"Tour Operator in La Fortuna","publisher":{"@id":"https:\/\/www.eagletours.net\/#organization"},"potentialAction":[{"@type":"SearchAction","target":{"@type":"EntryPoint","urlTemplate":"https:\/\/www.eagletours.net\/?s={search_term_string}"},"query-input":{"@type":"PropertyValueSpecification","valueRequired":true,"valueName":"search_term_string"}}],"inLanguage":"en-US"},{"@type":"Organization","@id":"https:\/\/www.eagletours.net\/#organization","name":"Eagle Tours","url":"https:\/\/www.eagletours.net\/","logo":{"@type":"ImageObject","inLanguage":"en-US","@id":"https:\/\/www.eagletours.net\/#\/schema\/logo\/image\/","url":"https:\/\/www.eagletours.net\/wp-content\/uploads\/2022\/10\/cropped-eagle-logo.jpg","contentUrl":"https:\/\/www.eagletours.net\/wp-content\/uploads\/2022\/10\/cropped-eagle-logo.jpg","width":282,"height":195,"caption":"Eagle Tours"},"image":{"@id":"https:\/\/www.eagletours.net\/#\/schema\/logo\/image\/"}}]}},"_links":{"self":[{"href":"https:\/\/www.eagletours.net\/index.php?rest_route=\/wp\/v2\/pages\/126","targetHints":{"allow":["GET"]}}],"collection":[{"href":"https:\/\/www.eagletours.net\/index.php?rest_route=\/wp\/v2\/pages"}],"about":[{"href":"https:\/\/www.eagletours.net\/index.php?rest_route=\/wp\/v2\/types\/page"}],"author":[{"embeddable":true,"href":"https:\/\/www.eagletours.net\/index.php?rest_route=\/wp\/v2\/users\/3"}],"replies":[{"embeddable":true,"href":"https:\/\/www.eagletours.net\/index.php?rest_route=%2Fwp%2Fv2%2Fcomments&post=126"}],"version-history":[{"count":1,"href":"https:\/\/www.eagletours.net\/index.php?rest_route=\/wp\/v2\/pages\/126\/revisions"}],"predecessor-version":[{"id":127,"href":"https:\/\/www.eagletours.net\/index.php?rest_route=\/wp\/v2\/pages\/126\/revisions\/127"}],"wp:attachment":[{"href":"https:\/\/www.eagletours.net\/index.php?rest_route=%2Fwp%2Fv2%2Fmedia&parent=126"}],"curies":[{"name":"wp","href":"https:\/\/api.w.org\/{rel}","templated":true}]}}