{"id":124,"date":"2015-05-02T02:44:47","date_gmt":"2015-05-02T02:44:47","guid":{"rendered":"https:\/\/www.eagletours.net\/web\/?page_id=124"},"modified":"2015-05-02T02:44:47","modified_gmt":"2015-05-02T02:44:47","slug":"tour-rio-celeste","status":"publish","type":"page","link":"https:\/\/www.eagletours.net\/?page_id=124","title":{"rendered":"Tour Rio Celeste"},"content":{"rendered":"<p>Volc\u00e1n Tenorio misteriosas fumarolas transforman la uni\u00f3n de los r\u00edos Buena Vista y Roble en una corriente azulada, dando as\u00ed vida a uno de los fen\u00f3menos m\u00e1s extraordinarios de la naturaleza: \u201cR\u00edo Celeste\u201d. Dentro de su corriente se encuentran aguas termales, recodos de tranquilidad azulada y una catarata de belleza singular, todo rodeado por variada flora y fauna.<\/p>\n<p>Eagle Tours ofrece al cliente una salida desde el pueblo de La Fortuna a las 6:00 a.m. aprox, Despu\u00e9s de disfrutar de un desayuno t\u00edpico se toma la ruta hacia R\u00edo Celeste, una vez en el Parque Nacional Volc\u00e1n Tenorio se iniciar\u00e1 una caminata de aproximadamente 7 km ( 4 horas aprox.), a trav\u00e9s del bosque tropical lluvioso. La primera parada ser\u00e1 en Los Te\u00f1ideros, aqu\u00ed dos corrientes de agua cristalina se unen y se transforman en una sola del color del cielo. Siguiendo el recorrido por los senderos, usted tendr\u00e1 la oportunidad de ver exuberante vegetaci\u00f3n y fauna, la siguiente parada ser\u00e1 en \u201cLas Ollas\u201d, aberturas en el suelo donde al excavar se puede encontrar lodo caliente, perfecto para un ba\u00f1o, o relajarse un rato en las aguas termales naturales a la orilla del r\u00edo, continuando la caminata a trav\u00e9s del bosque, se encontrar\u00e1n fumarolas, que expelen gases a altas temperaturas. Al final del descenso se llegar\u00e1 a la catarata, una vista esplendorosa y particular por su color.<\/p>\n<p>Al final de la caminata se disfrutar\u00e1 de un delicioso almuerzo t\u00edpico, antes de regresesar a la fortuna<\/p>\n<p><strong>Salida:<\/strong> 6:00 AM<br \/>\n<strong>Regreso:<\/strong> 4:00 PM aprox.<br \/>\n<strong>Incluye:<br \/>\n<\/strong>Transporte, gu\u00eda, entrada, almuerzo, bebidas y galletas.<br \/>\n<strong>Traer:<\/strong><br \/>\nPantal\u00f3n largo, ropa de ba\u00f1o, toalla, zapatos para caminata, c\u00e1mara, binoculares, bloqueador solar, repelente e impermeable.<\/p>\n<p><strong>Nota Importante:<br \/>\n<\/strong> Ri\u00f3 Celeste no es apto para persona que presente no buena condici\u00f3n f\u00edsica o Impedimento F\u00edsico.<\/p>\n<p>[Best_Wordpress_Gallery id=&#8221;17&#8243; gal_title=&#8221;celeste&#8221;]<\/p>\n","protected":false},"excerpt":{"rendered":"<p>Volc\u00e1n Tenorio misteriosas fumarolas transforman la uni\u00f3n de los r\u00edos Buena Vista y Roble en una corriente azulada, dando as\u00ed vida a uno de los fen\u00f3menos m\u00e1s extraordinarios de la naturaleza: \u201cR\u00edo Celeste\u201d. Dentro de su corriente se encuentran aguas termales, recodos de tranquilidad azulada &hellip; <\/p>\n","protected":false},"author":3,"featured_media":0,"parent":0,"menu_order":0,"comment_status":"closed","ping_status":"closed","template":"","meta":{"footnotes":""},"class_list":["post-124","page","type-page","status-publish","hentry"],"yoast_head":"<!-- This site is optimized with the Yoast SEO plugin v27.5 - https:\/\/yoast.com\/product\/yoast-seo-wordpress\/ -->\n<title>Tour Rio Celeste - Eagle Tours<\/title>\n<meta name=\"robots\" content=\"index, follow, max-snippet:-1, max-image-preview:large, max-video-preview:-1\" \/>\n<link rel=\"canonical\" href=\"https:\/\/www.eagletours.net\/?page_id=124\" \/>\n<meta property=\"og:locale\" content=\"en_US\" \/>\n<meta property=\"og:type\" content=\"article\" \/>\n<meta property=\"og:title\" content=\"Tour Rio Celeste - Eagle Tours\" \/>\n<meta property=\"og:description\" content=\"Volc\u00e1n Tenorio misteriosas fumarolas transforman la uni\u00f3n de los r\u00edos Buena Vista y Roble en una corriente azulada, dando as\u00ed vida a uno de los fen\u00f3menos m\u00e1s extraordinarios de la naturaleza: \u201cR\u00edo Celeste\u201d. Dentro de su corriente se encuentran aguas termales, recodos de tranquilidad azulada &hellip;\" \/>\n<meta property=\"og:url\" content=\"https:\/\/www.eagletours.net\/?page_id=124\" \/>\n<meta property=\"og:site_name\" content=\"Eagle Tours\" \/>\n<meta name=\"twitter:card\" content=\"summary_large_image\" \/>\n<meta name=\"twitter:label1\" content=\"Est. reading time\" \/>\n\t<meta name=\"twitter:data1\" content=\"2 minutes\" \/>\n<script type=\"application\/ld+json\" class=\"yoast-schema-graph\">{\"@context\":\"https:\\\/\\\/schema.org\",\"@graph\":[{\"@type\":\"WebPage\",\"@id\":\"https:\\\/\\\/www.eagletours.net\\\/?page_id=124\",\"url\":\"https:\\\/\\\/www.eagletours.net\\\/?page_id=124\",\"name\":\"Tour Rio Celeste - Eagle Tours\",\"isPartOf\":{\"@id\":\"https:\\\/\\\/www.eagletours.net\\\/#website\"},\"datePublished\":\"2015-05-02T02:44:47+00:00\",\"breadcrumb\":{\"@id\":\"https:\\\/\\\/www.eagletours.net\\\/?page_id=124#breadcrumb\"},\"inLanguage\":\"en-US\",\"potentialAction\":[{\"@type\":\"ReadAction\",\"target\":[\"https:\\\/\\\/www.eagletours.net\\\/?page_id=124\"]}]},{\"@type\":\"BreadcrumbList\",\"@id\":\"https:\\\/\\\/www.eagletours.net\\\/?page_id=124#breadcrumb\",\"itemListElement\":[{\"@type\":\"ListItem\",\"position\":1,\"name\":\"Home\",\"item\":\"https:\\\/\\\/www.eagletours.net\\\/\"},{\"@type\":\"ListItem\",\"position\":2,\"name\":\"Tour Rio Celeste\"}]},{\"@type\":\"WebSite\",\"@id\":\"https:\\\/\\\/www.eagletours.net\\\/#website\",\"url\":\"https:\\\/\\\/www.eagletours.net\\\/\",\"name\":\"Eagle Tours\",\"description\":\"Tour Operator in La Fortuna\",\"publisher\":{\"@id\":\"https:\\\/\\\/www.eagletours.net\\\/#organization\"},\"potentialAction\":[{\"@type\":\"SearchAction\",\"target\":{\"@type\":\"EntryPoint\",\"urlTemplate\":\"https:\\\/\\\/www.eagletours.net\\\/?s={search_term_string}\"},\"query-input\":{\"@type\":\"PropertyValueSpecification\",\"valueRequired\":true,\"valueName\":\"search_term_string\"}}],\"inLanguage\":\"en-US\"},{\"@type\":\"Organization\",\"@id\":\"https:\\\/\\\/www.eagletours.net\\\/#organization\",\"name\":\"Eagle Tours\",\"url\":\"https:\\\/\\\/www.eagletours.net\\\/\",\"logo\":{\"@type\":\"ImageObject\",\"inLanguage\":\"en-US\",\"@id\":\"https:\\\/\\\/www.eagletours.net\\\/#\\\/schema\\\/logo\\\/image\\\/\",\"url\":\"https:\\\/\\\/www.eagletours.net\\\/wp-content\\\/uploads\\\/2022\\\/10\\\/cropped-eagle-logo.jpg\",\"contentUrl\":\"https:\\\/\\\/www.eagletours.net\\\/wp-content\\\/uploads\\\/2022\\\/10\\\/cropped-eagle-logo.jpg\",\"width\":282,\"height\":195,\"caption\":\"Eagle Tours\"},\"image\":{\"@id\":\"https:\\\/\\\/www.eagletours.net\\\/#\\\/schema\\\/logo\\\/image\\\/\"}}]}<\/script>\n<!-- \/ Yoast SEO plugin. -->","yoast_head_json":{"title":"Tour Rio Celeste - Eagle Tours","robots":{"index":"index","follow":"follow","max-snippet":"max-snippet:-1","max-image-preview":"max-image-preview:large","max-video-preview":"max-video-preview:-1"},"canonical":"https:\/\/www.eagletours.net\/?page_id=124","og_locale":"en_US","og_type":"article","og_title":"Tour Rio Celeste - Eagle Tours","og_description":"Volc\u00e1n Tenorio misteriosas fumarolas transforman la uni\u00f3n de los r\u00edos Buena Vista y Roble en una corriente azulada, dando as\u00ed vida a uno de los fen\u00f3menos m\u00e1s extraordinarios de la naturaleza: \u201cR\u00edo Celeste\u201d. Dentro de su corriente se encuentran aguas termales, recodos de tranquilidad azulada &hellip;","og_url":"https:\/\/www.eagletours.net\/?page_id=124","og_site_name":"Eagle Tours","twitter_card":"summary_large_image","twitter_misc":{"Est. reading time":"2 minutes"},"schema":{"@context":"https:\/\/schema.org","@graph":[{"@type":"WebPage","@id":"https:\/\/www.eagletours.net\/?page_id=124","url":"https:\/\/www.eagletours.net\/?page_id=124","name":"Tour Rio Celeste - Eagle Tours","isPartOf":{"@id":"https:\/\/www.eagletours.net\/#website"},"datePublished":"2015-05-02T02:44:47+00:00","breadcrumb":{"@id":"https:\/\/www.eagletours.net\/?page_id=124#breadcrumb"},"inLanguage":"en-US","potentialAction":[{"@type":"ReadAction","target":["https:\/\/www.eagletours.net\/?page_id=124"]}]},{"@type":"BreadcrumbList","@id":"https:\/\/www.eagletours.net\/?page_id=124#breadcrumb","itemListElement":[{"@type":"ListItem","position":1,"name":"Home","item":"https:\/\/www.eagletours.net\/"},{"@type":"ListItem","position":2,"name":"Tour Rio Celeste"}]},{"@type":"WebSite","@id":"https:\/\/www.eagletours.net\/#website","url":"https:\/\/www.eagletours.net\/","name":"Eagle Tours","description":"Tour Operator in La Fortuna","publisher":{"@id":"https:\/\/www.eagletours.net\/#organization"},"potentialAction":[{"@type":"SearchAction","target":{"@type":"EntryPoint","urlTemplate":"https:\/\/www.eagletours.net\/?s={search_term_string}"},"query-input":{"@type":"PropertyValueSpecification","valueRequired":true,"valueName":"search_term_string"}}],"inLanguage":"en-US"},{"@type":"Organization","@id":"https:\/\/www.eagletours.net\/#organization","name":"Eagle Tours","url":"https:\/\/www.eagletours.net\/","logo":{"@type":"ImageObject","inLanguage":"en-US","@id":"https:\/\/www.eagletours.net\/#\/schema\/logo\/image\/","url":"https:\/\/www.eagletours.net\/wp-content\/uploads\/2022\/10\/cropped-eagle-logo.jpg","contentUrl":"https:\/\/www.eagletours.net\/wp-content\/uploads\/2022\/10\/cropped-eagle-logo.jpg","width":282,"height":195,"caption":"Eagle Tours"},"image":{"@id":"https:\/\/www.eagletours.net\/#\/schema\/logo\/image\/"}}]}},"_links":{"self":[{"href":"https:\/\/www.eagletours.net\/index.php?rest_route=\/wp\/v2\/pages\/124","targetHints":{"allow":["GET"]}}],"collection":[{"href":"https:\/\/www.eagletours.net\/index.php?rest_route=\/wp\/v2\/pages"}],"about":[{"href":"https:\/\/www.eagletours.net\/index.php?rest_route=\/wp\/v2\/types\/page"}],"author":[{"embeddable":true,"href":"https:\/\/www.eagletours.net\/index.php?rest_route=\/wp\/v2\/users\/3"}],"replies":[{"embeddable":true,"href":"https:\/\/www.eagletours.net\/index.php?rest_route=%2Fwp%2Fv2%2Fcomments&post=124"}],"version-history":[{"count":1,"href":"https:\/\/www.eagletours.net\/index.php?rest_route=\/wp\/v2\/pages\/124\/revisions"}],"predecessor-version":[{"id":125,"href":"https:\/\/www.eagletours.net\/index.php?rest_route=\/wp\/v2\/pages\/124\/revisions\/125"}],"wp:attachment":[{"href":"https:\/\/www.eagletours.net\/index.php?rest_route=%2Fwp%2Fv2%2Fmedia&parent=124"}],"curies":[{"name":"wp","href":"https:\/\/api.w.org\/{rel}","templated":true}]}}