{"id":110,"date":"2015-05-02T02:26:55","date_gmt":"2015-05-02T02:26:55","guid":{"rendered":"https:\/\/www.eagletours.net\/web\/?page_id=110"},"modified":"2017-01-10T23:25:52","modified_gmt":"2017-01-10T23:25:52","slug":"cabalgata-la-catarata-la-fortuna","status":"publish","type":"page","link":"https:\/\/www.eagletours.net\/?page_id=110","title":{"rendered":"Cabalgata la Catarata La Fortuna"},"content":{"rendered":"<p><span style=\"color: #ffffff;\">Cabalgata la Catarata La Fortuna<\/span><\/p>\n<p>Esta es una buena combinaci\u00f3n de cabalgata con caminata y un bello escenario. Son<br \/>\ncaballos entrenados los que los llevar\u00e1n hasta la entrada de la catarata a trav\u00e9s de \u00e1reas<br \/>\nde repasto, bosque y altas colinas. Las vistas del Valle de San Carlos y el bosque<br \/>\ntropical que lo rodean son espectaculares.<br \/>\nAl final del camino, dejaremos los caballos y descenderemos caminando por un sendero<br \/>\nnatural hasta la base de la catarata.<\/p>\n<p>Esta fant\u00e1stica \u00e1rea es muy tranquila y especial para relajarse y nadar por un rato.<\/p>\n<p><strong>Salida:<\/strong> 8:00 a.m. \u00f3 1:30 p.m.<br \/>\n<strong>Incluye:<\/strong><br \/>\nEntrada a la catarata, caballos y gu\u00eda local.<br \/>\n<strong>Recomendaciones:<\/strong><br \/>\nPersonas en buen estado f\u00edsico.<\/p>\n<p><strong>Que Traer:<\/strong><br \/>\nPantal\u00f3n largo, zapatos cerrados, traje de ba\u00f1o, toalla, gorra, bloqueador solar y c\u00e1mara.<\/p>\n<p>[Best_Wordpress_Gallery id=&#8221;15&#8243; gal_title=&#8221;horses&#8221;]<\/p>\n","protected":false},"excerpt":{"rendered":"<p>Cabalgata la Catarata La Fortuna Esta es una buena combinaci\u00f3n de cabalgata con caminata y un bello escenario. Son caballos entrenados los que los llevar\u00e1n hasta la entrada de la catarata a trav\u00e9s de \u00e1reas de repasto, bosque y altas colinas. Las vistas del Valle &hellip; <\/p>\n","protected":false},"author":3,"featured_media":0,"parent":0,"menu_order":0,"comment_status":"closed","ping_status":"closed","template":"","meta":{"footnotes":""},"class_list":["post-110","page","type-page","status-publish","hentry"],"yoast_head":"<!-- This site is optimized with the Yoast SEO plugin v27.5 - https:\/\/yoast.com\/product\/yoast-seo-wordpress\/ -->\n<title>Cabalgata la Catarata La Fortuna<\/title>\n<meta name=\"robots\" content=\"index, follow, max-snippet:-1, max-image-preview:large, max-video-preview:-1\" \/>\n<link rel=\"canonical\" href=\"https:\/\/www.eagletours.net\/?page_id=110\" \/>\n<meta property=\"og:locale\" content=\"en_US\" \/>\n<meta property=\"og:type\" content=\"article\" \/>\n<meta property=\"og:title\" content=\"Cabalgata la Catarata La Fortuna\" \/>\n<meta property=\"og:description\" content=\"Cabalgata la Catarata La Fortuna Esta es una buena combinaci\u00f3n de cabalgata con caminata y un bello escenario. Son caballos entrenados los que los llevar\u00e1n hasta la entrada de la catarata a trav\u00e9s de \u00e1reas de repasto, bosque y altas colinas. Las vistas del Valle &hellip;\" \/>\n<meta property=\"og:url\" content=\"https:\/\/www.eagletours.net\/?page_id=110\" \/>\n<meta property=\"og:site_name\" content=\"Eagle Tours\" \/>\n<meta property=\"article:modified_time\" content=\"2017-01-10T23:25:52+00:00\" \/>\n<meta name=\"twitter:card\" content=\"summary_large_image\" \/>\n<meta name=\"twitter:label1\" content=\"Est. reading time\" \/>\n\t<meta name=\"twitter:data1\" content=\"1 minute\" \/>\n<script type=\"application\/ld+json\" class=\"yoast-schema-graph\">{\"@context\":\"https:\\\/\\\/schema.org\",\"@graph\":[{\"@type\":\"WebPage\",\"@id\":\"https:\\\/\\\/www.eagletours.net\\\/?page_id=110\",\"url\":\"https:\\\/\\\/www.eagletours.net\\\/?page_id=110\",\"name\":\"Cabalgata la Catarata La Fortuna\",\"isPartOf\":{\"@id\":\"https:\\\/\\\/www.eagletours.net\\\/#website\"},\"datePublished\":\"2015-05-02T02:26:55+00:00\",\"dateModified\":\"2017-01-10T23:25:52+00:00\",\"breadcrumb\":{\"@id\":\"https:\\\/\\\/www.eagletours.net\\\/?page_id=110#breadcrumb\"},\"inLanguage\":\"en-US\",\"potentialAction\":[{\"@type\":\"ReadAction\",\"target\":[\"https:\\\/\\\/www.eagletours.net\\\/?page_id=110\"]}]},{\"@type\":\"BreadcrumbList\",\"@id\":\"https:\\\/\\\/www.eagletours.net\\\/?page_id=110#breadcrumb\",\"itemListElement\":[{\"@type\":\"ListItem\",\"position\":1,\"name\":\"Home\",\"item\":\"https:\\\/\\\/www.eagletours.net\\\/\"},{\"@type\":\"ListItem\",\"position\":2,\"name\":\"Cabalgata la Catarata La Fortuna\"}]},{\"@type\":\"WebSite\",\"@id\":\"https:\\\/\\\/www.eagletours.net\\\/#website\",\"url\":\"https:\\\/\\\/www.eagletours.net\\\/\",\"name\":\"Eagle Tours\",\"description\":\"Tour Operator in La Fortuna\",\"publisher\":{\"@id\":\"https:\\\/\\\/www.eagletours.net\\\/#organization\"},\"potentialAction\":[{\"@type\":\"SearchAction\",\"target\":{\"@type\":\"EntryPoint\",\"urlTemplate\":\"https:\\\/\\\/www.eagletours.net\\\/?s={search_term_string}\"},\"query-input\":{\"@type\":\"PropertyValueSpecification\",\"valueRequired\":true,\"valueName\":\"search_term_string\"}}],\"inLanguage\":\"en-US\"},{\"@type\":\"Organization\",\"@id\":\"https:\\\/\\\/www.eagletours.net\\\/#organization\",\"name\":\"Eagle Tours\",\"url\":\"https:\\\/\\\/www.eagletours.net\\\/\",\"logo\":{\"@type\":\"ImageObject\",\"inLanguage\":\"en-US\",\"@id\":\"https:\\\/\\\/www.eagletours.net\\\/#\\\/schema\\\/logo\\\/image\\\/\",\"url\":\"https:\\\/\\\/www.eagletours.net\\\/wp-content\\\/uploads\\\/2022\\\/10\\\/cropped-eagle-logo.jpg\",\"contentUrl\":\"https:\\\/\\\/www.eagletours.net\\\/wp-content\\\/uploads\\\/2022\\\/10\\\/cropped-eagle-logo.jpg\",\"width\":282,\"height\":195,\"caption\":\"Eagle Tours\"},\"image\":{\"@id\":\"https:\\\/\\\/www.eagletours.net\\\/#\\\/schema\\\/logo\\\/image\\\/\"}}]}<\/script>\n<!-- \/ Yoast SEO plugin. -->","yoast_head_json":{"title":"Cabalgata la Catarata La Fortuna","robots":{"index":"index","follow":"follow","max-snippet":"max-snippet:-1","max-image-preview":"max-image-preview:large","max-video-preview":"max-video-preview:-1"},"canonical":"https:\/\/www.eagletours.net\/?page_id=110","og_locale":"en_US","og_type":"article","og_title":"Cabalgata la Catarata La Fortuna","og_description":"Cabalgata la Catarata La Fortuna Esta es una buena combinaci\u00f3n de cabalgata con caminata y un bello escenario. Son caballos entrenados los que los llevar\u00e1n hasta la entrada de la catarata a trav\u00e9s de \u00e1reas de repasto, bosque y altas colinas. Las vistas del Valle &hellip;","og_url":"https:\/\/www.eagletours.net\/?page_id=110","og_site_name":"Eagle Tours","article_modified_time":"2017-01-10T23:25:52+00:00","twitter_card":"summary_large_image","twitter_misc":{"Est. reading time":"1 minute"},"schema":{"@context":"https:\/\/schema.org","@graph":[{"@type":"WebPage","@id":"https:\/\/www.eagletours.net\/?page_id=110","url":"https:\/\/www.eagletours.net\/?page_id=110","name":"Cabalgata la Catarata La Fortuna","isPartOf":{"@id":"https:\/\/www.eagletours.net\/#website"},"datePublished":"2015-05-02T02:26:55+00:00","dateModified":"2017-01-10T23:25:52+00:00","breadcrumb":{"@id":"https:\/\/www.eagletours.net\/?page_id=110#breadcrumb"},"inLanguage":"en-US","potentialAction":[{"@type":"ReadAction","target":["https:\/\/www.eagletours.net\/?page_id=110"]}]},{"@type":"BreadcrumbList","@id":"https:\/\/www.eagletours.net\/?page_id=110#breadcrumb","itemListElement":[{"@type":"ListItem","position":1,"name":"Home","item":"https:\/\/www.eagletours.net\/"},{"@type":"ListItem","position":2,"name":"Cabalgata la Catarata La Fortuna"}]},{"@type":"WebSite","@id":"https:\/\/www.eagletours.net\/#website","url":"https:\/\/www.eagletours.net\/","name":"Eagle Tours","description":"Tour Operator in La Fortuna","publisher":{"@id":"https:\/\/www.eagletours.net\/#organization"},"potentialAction":[{"@type":"SearchAction","target":{"@type":"EntryPoint","urlTemplate":"https:\/\/www.eagletours.net\/?s={search_term_string}"},"query-input":{"@type":"PropertyValueSpecification","valueRequired":true,"valueName":"search_term_string"}}],"inLanguage":"en-US"},{"@type":"Organization","@id":"https:\/\/www.eagletours.net\/#organization","name":"Eagle Tours","url":"https:\/\/www.eagletours.net\/","logo":{"@type":"ImageObject","inLanguage":"en-US","@id":"https:\/\/www.eagletours.net\/#\/schema\/logo\/image\/","url":"https:\/\/www.eagletours.net\/wp-content\/uploads\/2022\/10\/cropped-eagle-logo.jpg","contentUrl":"https:\/\/www.eagletours.net\/wp-content\/uploads\/2022\/10\/cropped-eagle-logo.jpg","width":282,"height":195,"caption":"Eagle Tours"},"image":{"@id":"https:\/\/www.eagletours.net\/#\/schema\/logo\/image\/"}}]}},"_links":{"self":[{"href":"https:\/\/www.eagletours.net\/index.php?rest_route=\/wp\/v2\/pages\/110","targetHints":{"allow":["GET"]}}],"collection":[{"href":"https:\/\/www.eagletours.net\/index.php?rest_route=\/wp\/v2\/pages"}],"about":[{"href":"https:\/\/www.eagletours.net\/index.php?rest_route=\/wp\/v2\/types\/page"}],"author":[{"embeddable":true,"href":"https:\/\/www.eagletours.net\/index.php?rest_route=\/wp\/v2\/users\/3"}],"replies":[{"embeddable":true,"href":"https:\/\/www.eagletours.net\/index.php?rest_route=%2Fwp%2Fv2%2Fcomments&post=110"}],"version-history":[{"count":2,"href":"https:\/\/www.eagletours.net\/index.php?rest_route=\/wp\/v2\/pages\/110\/revisions"}],"predecessor-version":[{"id":543,"href":"https:\/\/www.eagletours.net\/index.php?rest_route=\/wp\/v2\/pages\/110\/revisions\/543"}],"wp:attachment":[{"href":"https:\/\/www.eagletours.net\/index.php?rest_route=%2Fwp%2Fv2%2Fmedia&parent=110"}],"curies":[{"name":"wp","href":"https:\/\/api.w.org\/{rel}","templated":true}]}}