{"id":106,"date":"2015-05-02T02:23:56","date_gmt":"2015-05-02T02:23:56","guid":{"rendered":"https:\/\/www.eagletours.net\/web\/?page_id=106"},"modified":"2015-05-02T02:25:11","modified_gmt":"2015-05-02T02:25:11","slug":"tour-refugio-de-vida-silvestre-cano-negro","status":"publish","type":"page","link":"https:\/\/www.eagletours.net\/?page_id=106","title":{"rendered":"Refugio de Vida silvestre Cano Negro"},"content":{"rendered":"<p>El Refugio de Vida Silvestre ca\u00f1o negro fue considerado uno de los humedales de inter\u00e9s internacional en el a\u00f1o 1991 en la convenci\u00f3n de Ramsar. Debido a las diferentes caracter\u00edsticas que pose, es muy f\u00e1cil apreciar la diversidad en el Refugio. Localizado en la zona Norte entre Los Chiles y Guatuso, Ca\u00f1o Negro es uno de los humedales mas importantes Costa Rica con 9969 hect\u00e1reas y recibiendo aproximadamente 3500 mm de precipitaci\u00f3n al a\u00f1o.<br \/>\nDesde La fortuna nos dirigiremos hacia Los chiles a las 7:15 a.m. en una confortable microb\u00fas con aire acondicionado. Durante el viaje el gu\u00eda har\u00e1 una parada de camino para mostrar las Iguanas en el pueblo de Muelle.<\/p>\n<p>Tan pronto como regresemos a la carretera usted podr\u00e1 apreciar las diferentes plantaciones de platano, az\u00facar, yuca, naranjas y las fincas de ganado. 10 kil\u00f3metros antes de llegar a Los Chiles llegaremos al Parque un peque\u00f1o Pueblo antes de Ca\u00f1o Negro. Luego abordaremos un Bote para un recorrido de 4 horas, siempre en busca de la flora y fauna de este lugar, tales como:<br \/>\nEsp\u00e1tulas rosadas (Ajaia ajaja), Cigue\u00f1ones (Mycteria americana), Jabir\u00fa (Jabiru mycteria), los cuales no se pueden ver en Rio Frio.<\/p>\n<p>Tambien Cormoranes (Halacrocorax olivaceus) , la jacana del norte(Jacana spinosa) el anhinga (Anhinga anhinga), El pollo morado (Porphininula martinica), Caimanes (Cayman crocodilus) y algunos cocodrilos (Crocodilus acutus) y muchos, muchos mas.<br \/>\nJusto despu\u00e9s del viaje en bote nos detendremos en un elegante y confortable lugar llamado Ca\u00f1o Negro Lodge para un delicioso Almuerzo. Alrededor de las 2:30 p.m. regresaremos a La fortuna.<\/p>\n<p><strong>Tour Incluye: <\/strong><br \/>\nTransporte, Guia Naturalista, bote, bebidas, Almuerzo y Entrada al Parque<br \/>\n<strong>Necesita:<\/strong><br \/>\nRepelente, Ropa confortable, binoculares, c\u00e1mara o video camera.<br \/>\n<strong>El Tour:<\/strong><br \/>\nEste tour es recomendado para cualquier edad.<\/p>\n<p><strong>Incluye: <\/strong>Transporte, Gu\u00eda Naturalista, Caf\u00e9, Galletas o S\u00e1ndwich, y refrigerio.<\/p>\n<p>[Best_Wordpress_Gallery id=&#8221;13&#8243; gal_title=&#8221;cano negr0&#8243;]<\/p>\n","protected":false},"excerpt":{"rendered":"<p>El Refugio de Vida Silvestre ca\u00f1o negro fue considerado uno de los humedales de inter\u00e9s internacional en el a\u00f1o 1991 en la convenci\u00f3n de Ramsar. Debido a las diferentes caracter\u00edsticas que pose, es muy f\u00e1cil apreciar la diversidad en el Refugio. Localizado en la zona &hellip; <\/p>\n","protected":false},"author":3,"featured_media":0,"parent":0,"menu_order":0,"comment_status":"closed","ping_status":"closed","template":"","meta":{"footnotes":""},"class_list":["post-106","page","type-page","status-publish","hentry"],"yoast_head":"<!-- This site is optimized with the Yoast SEO plugin v27.5 - https:\/\/yoast.com\/product\/yoast-seo-wordpress\/ -->\n<title>Refugio de Vida silvestre Cano Negro - Eagle Tours<\/title>\n<meta name=\"robots\" content=\"index, follow, max-snippet:-1, max-image-preview:large, max-video-preview:-1\" \/>\n<link rel=\"canonical\" href=\"https:\/\/www.eagletours.net\/?page_id=106\" \/>\n<meta property=\"og:locale\" content=\"en_US\" \/>\n<meta property=\"og:type\" content=\"article\" \/>\n<meta property=\"og:title\" content=\"Refugio de Vida silvestre Cano Negro - Eagle Tours\" \/>\n<meta property=\"og:description\" content=\"El Refugio de Vida Silvestre ca\u00f1o negro fue considerado uno de los humedales de inter\u00e9s internacional en el a\u00f1o 1991 en la convenci\u00f3n de Ramsar. Debido a las diferentes caracter\u00edsticas que pose, es muy f\u00e1cil apreciar la diversidad en el Refugio. Localizado en la zona &hellip;\" \/>\n<meta property=\"og:url\" content=\"https:\/\/www.eagletours.net\/?page_id=106\" \/>\n<meta property=\"og:site_name\" content=\"Eagle Tours\" \/>\n<meta property=\"article:modified_time\" content=\"2015-05-02T02:25:11+00:00\" \/>\n<meta name=\"twitter:card\" content=\"summary_large_image\" \/>\n<meta name=\"twitter:label1\" content=\"Est. reading time\" \/>\n\t<meta name=\"twitter:data1\" content=\"2 minutes\" \/>\n<script type=\"application\/ld+json\" class=\"yoast-schema-graph\">{\"@context\":\"https:\\\/\\\/schema.org\",\"@graph\":[{\"@type\":\"WebPage\",\"@id\":\"https:\\\/\\\/www.eagletours.net\\\/?page_id=106\",\"url\":\"https:\\\/\\\/www.eagletours.net\\\/?page_id=106\",\"name\":\"Refugio de Vida silvestre Cano Negro - Eagle Tours\",\"isPartOf\":{\"@id\":\"https:\\\/\\\/www.eagletours.net\\\/#website\"},\"datePublished\":\"2015-05-02T02:23:56+00:00\",\"dateModified\":\"2015-05-02T02:25:11+00:00\",\"breadcrumb\":{\"@id\":\"https:\\\/\\\/www.eagletours.net\\\/?page_id=106#breadcrumb\"},\"inLanguage\":\"en-US\",\"potentialAction\":[{\"@type\":\"ReadAction\",\"target\":[\"https:\\\/\\\/www.eagletours.net\\\/?page_id=106\"]}]},{\"@type\":\"BreadcrumbList\",\"@id\":\"https:\\\/\\\/www.eagletours.net\\\/?page_id=106#breadcrumb\",\"itemListElement\":[{\"@type\":\"ListItem\",\"position\":1,\"name\":\"Home\",\"item\":\"https:\\\/\\\/www.eagletours.net\\\/\"},{\"@type\":\"ListItem\",\"position\":2,\"name\":\"Refugio de Vida silvestre Cano Negro\"}]},{\"@type\":\"WebSite\",\"@id\":\"https:\\\/\\\/www.eagletours.net\\\/#website\",\"url\":\"https:\\\/\\\/www.eagletours.net\\\/\",\"name\":\"Eagle Tours\",\"description\":\"Tour Operator in La Fortuna\",\"publisher\":{\"@id\":\"https:\\\/\\\/www.eagletours.net\\\/#organization\"},\"potentialAction\":[{\"@type\":\"SearchAction\",\"target\":{\"@type\":\"EntryPoint\",\"urlTemplate\":\"https:\\\/\\\/www.eagletours.net\\\/?s={search_term_string}\"},\"query-input\":{\"@type\":\"PropertyValueSpecification\",\"valueRequired\":true,\"valueName\":\"search_term_string\"}}],\"inLanguage\":\"en-US\"},{\"@type\":\"Organization\",\"@id\":\"https:\\\/\\\/www.eagletours.net\\\/#organization\",\"name\":\"Eagle Tours\",\"url\":\"https:\\\/\\\/www.eagletours.net\\\/\",\"logo\":{\"@type\":\"ImageObject\",\"inLanguage\":\"en-US\",\"@id\":\"https:\\\/\\\/www.eagletours.net\\\/#\\\/schema\\\/logo\\\/image\\\/\",\"url\":\"https:\\\/\\\/www.eagletours.net\\\/wp-content\\\/uploads\\\/2022\\\/10\\\/cropped-eagle-logo.jpg\",\"contentUrl\":\"https:\\\/\\\/www.eagletours.net\\\/wp-content\\\/uploads\\\/2022\\\/10\\\/cropped-eagle-logo.jpg\",\"width\":282,\"height\":195,\"caption\":\"Eagle Tours\"},\"image\":{\"@id\":\"https:\\\/\\\/www.eagletours.net\\\/#\\\/schema\\\/logo\\\/image\\\/\"}}]}<\/script>\n<!-- \/ Yoast SEO plugin. -->","yoast_head_json":{"title":"Refugio de Vida silvestre Cano Negro - Eagle Tours","robots":{"index":"index","follow":"follow","max-snippet":"max-snippet:-1","max-image-preview":"max-image-preview:large","max-video-preview":"max-video-preview:-1"},"canonical":"https:\/\/www.eagletours.net\/?page_id=106","og_locale":"en_US","og_type":"article","og_title":"Refugio de Vida silvestre Cano Negro - Eagle Tours","og_description":"El Refugio de Vida Silvestre ca\u00f1o negro fue considerado uno de los humedales de inter\u00e9s internacional en el a\u00f1o 1991 en la convenci\u00f3n de Ramsar. Debido a las diferentes caracter\u00edsticas que pose, es muy f\u00e1cil apreciar la diversidad en el Refugio. Localizado en la zona &hellip;","og_url":"https:\/\/www.eagletours.net\/?page_id=106","og_site_name":"Eagle Tours","article_modified_time":"2015-05-02T02:25:11+00:00","twitter_card":"summary_large_image","twitter_misc":{"Est. reading time":"2 minutes"},"schema":{"@context":"https:\/\/schema.org","@graph":[{"@type":"WebPage","@id":"https:\/\/www.eagletours.net\/?page_id=106","url":"https:\/\/www.eagletours.net\/?page_id=106","name":"Refugio de Vida silvestre Cano Negro - Eagle Tours","isPartOf":{"@id":"https:\/\/www.eagletours.net\/#website"},"datePublished":"2015-05-02T02:23:56+00:00","dateModified":"2015-05-02T02:25:11+00:00","breadcrumb":{"@id":"https:\/\/www.eagletours.net\/?page_id=106#breadcrumb"},"inLanguage":"en-US","potentialAction":[{"@type":"ReadAction","target":["https:\/\/www.eagletours.net\/?page_id=106"]}]},{"@type":"BreadcrumbList","@id":"https:\/\/www.eagletours.net\/?page_id=106#breadcrumb","itemListElement":[{"@type":"ListItem","position":1,"name":"Home","item":"https:\/\/www.eagletours.net\/"},{"@type":"ListItem","position":2,"name":"Refugio de Vida silvestre Cano Negro"}]},{"@type":"WebSite","@id":"https:\/\/www.eagletours.net\/#website","url":"https:\/\/www.eagletours.net\/","name":"Eagle Tours","description":"Tour Operator in La Fortuna","publisher":{"@id":"https:\/\/www.eagletours.net\/#organization"},"potentialAction":[{"@type":"SearchAction","target":{"@type":"EntryPoint","urlTemplate":"https:\/\/www.eagletours.net\/?s={search_term_string}"},"query-input":{"@type":"PropertyValueSpecification","valueRequired":true,"valueName":"search_term_string"}}],"inLanguage":"en-US"},{"@type":"Organization","@id":"https:\/\/www.eagletours.net\/#organization","name":"Eagle Tours","url":"https:\/\/www.eagletours.net\/","logo":{"@type":"ImageObject","inLanguage":"en-US","@id":"https:\/\/www.eagletours.net\/#\/schema\/logo\/image\/","url":"https:\/\/www.eagletours.net\/wp-content\/uploads\/2022\/10\/cropped-eagle-logo.jpg","contentUrl":"https:\/\/www.eagletours.net\/wp-content\/uploads\/2022\/10\/cropped-eagle-logo.jpg","width":282,"height":195,"caption":"Eagle Tours"},"image":{"@id":"https:\/\/www.eagletours.net\/#\/schema\/logo\/image\/"}}]}},"_links":{"self":[{"href":"https:\/\/www.eagletours.net\/index.php?rest_route=\/wp\/v2\/pages\/106","targetHints":{"allow":["GET"]}}],"collection":[{"href":"https:\/\/www.eagletours.net\/index.php?rest_route=\/wp\/v2\/pages"}],"about":[{"href":"https:\/\/www.eagletours.net\/index.php?rest_route=\/wp\/v2\/types\/page"}],"author":[{"embeddable":true,"href":"https:\/\/www.eagletours.net\/index.php?rest_route=\/wp\/v2\/users\/3"}],"replies":[{"embeddable":true,"href":"https:\/\/www.eagletours.net\/index.php?rest_route=%2Fwp%2Fv2%2Fcomments&post=106"}],"version-history":[{"count":1,"href":"https:\/\/www.eagletours.net\/index.php?rest_route=\/wp\/v2\/pages\/106\/revisions"}],"predecessor-version":[{"id":109,"href":"https:\/\/www.eagletours.net\/index.php?rest_route=\/wp\/v2\/pages\/106\/revisions\/109"}],"wp:attachment":[{"href":"https:\/\/www.eagletours.net\/index.php?rest_route=%2Fwp%2Fv2%2Fmedia&parent=106"}],"curies":[{"name":"wp","href":"https:\/\/api.w.org\/{rel}","templated":true}]}}