{"id":102,"date":"2015-05-02T02:21:28","date_gmt":"2015-05-02T02:21:28","guid":{"rendered":"https:\/\/www.eagletours.net\/web\/?page_id=102"},"modified":"2015-05-02T02:21:28","modified_gmt":"2015-05-02T02:21:28","slug":"paseos-en-lago-arenal","status":"publish","type":"page","link":"https:\/\/www.eagletours.net\/?page_id=102","title":{"rendered":"Paseos en Lago Arenal"},"content":{"rendered":"<p>Lago Arenal es el m\u00e1s grande y el lago m\u00e1s importante de Costa Rica , que era hombre hecho en 1974 para proporcionar energ\u00eda hidroel\u00e9ctrica para el pa\u00eds. Tambi\u00e9n es un lugar donde se pueden encontrar diferentes tipos de aves residentes y migratorias. A veces los mam\u00edferos se pueden ver en los alrededores.<\/p>\n<p>Este tour ofrece una combinaci\u00f3n del Lago Arenal y el Volc\u00e1n Arenal , que se inicia en la presa , ya partir de ah\u00ed vamos a tener la oportunidad de disfrutar de un paseo en barco de 2 horas . Yendo alrededor del lago veremos el sitio quemado del Volc\u00e1n Arenal .<\/p>\n<p>Incluye:<br \/>\n&#8211; Transporte ida y vuelta<br \/>\n&#8211; Gu\u00eda naturalista biling\u00fce<br \/>\nFr\u00eda del Bebidas , frutas y snacks .<br \/>\nQue traer:<br \/>\n&#8211; Luces de ropa<br \/>\n&#8211; Camiseta y sandalias<br \/>\n&#8211; Bloqueador solar , repelente de insectos .<br \/>\n&#8211; C\u00e1mara y binoculares.<\/p>\n<p>Hora de salida:<br \/>\n&#8211; 8 30 AM<br \/>\n&#8211; 1 30 PM<\/p>\n<p><img loading=\"lazy\" decoding=\"async\" class=\"aligncenter size-medium wp-image-84\" src=\"https:\/\/www.eagletours.net\/web\/wp-content\/uploads\/2015\/05\/Picture-014-300x225.jpg\" alt=\"Picture 014\" width=\"300\" height=\"225\" srcset=\"https:\/\/www.eagletours.net\/wp-content\/uploads\/2015\/05\/Picture-014-300x225.jpg 300w, https:\/\/www.eagletours.net\/wp-content\/uploads\/2015\/05\/Picture-014-1024x768.jpg 1024w, https:\/\/www.eagletours.net\/wp-content\/uploads\/2015\/05\/Picture-014-483x362.jpg 483w\" sizes=\"auto, (max-width: 300px) 100vw, 300px\" \/><img loading=\"lazy\" decoding=\"async\" class=\"aligncenter size-medium wp-image-24\" src=\"https:\/\/www.eagletours.net\/web\/wp-content\/uploads\/2015\/05\/DSC07866-300x225.jpg\" alt=\"DSC07866\" width=\"300\" height=\"225\" srcset=\"https:\/\/www.eagletours.net\/wp-content\/uploads\/2015\/05\/DSC07866-300x225.jpg 300w, https:\/\/www.eagletours.net\/wp-content\/uploads\/2015\/05\/DSC07866-1024x768.jpg 1024w, https:\/\/www.eagletours.net\/wp-content\/uploads\/2015\/05\/DSC07866-483x362.jpg 483w\" sizes=\"auto, (max-width: 300px) 100vw, 300px\" \/><\/p>\n","protected":false},"excerpt":{"rendered":"<p>Lago Arenal es el m\u00e1s grande y el lago m\u00e1s importante de Costa Rica , que era hombre hecho en 1974 para proporcionar energ\u00eda hidroel\u00e9ctrica para el pa\u00eds. Tambi\u00e9n es un lugar donde se pueden encontrar diferentes tipos de aves residentes y migratorias. A veces &hellip; <\/p>\n","protected":false},"author":3,"featured_media":0,"parent":0,"menu_order":0,"comment_status":"closed","ping_status":"closed","template":"","meta":{"footnotes":""},"class_list":["post-102","page","type-page","status-publish","hentry"],"yoast_head":"<!-- This site is optimized with the Yoast SEO plugin v27.5 - https:\/\/yoast.com\/product\/yoast-seo-wordpress\/ -->\n<title>Paseos en Lago Arenal - Eagle Tours<\/title>\n<meta name=\"robots\" content=\"index, follow, max-snippet:-1, max-image-preview:large, max-video-preview:-1\" \/>\n<link rel=\"canonical\" href=\"https:\/\/www.eagletours.net\/?page_id=102\" \/>\n<meta property=\"og:locale\" content=\"en_US\" \/>\n<meta property=\"og:type\" content=\"article\" \/>\n<meta property=\"og:title\" content=\"Paseos en Lago Arenal - Eagle Tours\" \/>\n<meta property=\"og:description\" content=\"Lago Arenal es el m\u00e1s grande y el lago m\u00e1s importante de Costa Rica , que era hombre hecho en 1974 para proporcionar energ\u00eda hidroel\u00e9ctrica para el pa\u00eds. Tambi\u00e9n es un lugar donde se pueden encontrar diferentes tipos de aves residentes y migratorias. A veces &hellip;\" \/>\n<meta property=\"og:url\" content=\"https:\/\/www.eagletours.net\/?page_id=102\" \/>\n<meta property=\"og:site_name\" content=\"Eagle Tours\" \/>\n<meta property=\"og:image\" content=\"https:\/\/www.eagletours.net\/web\/wp-content\/uploads\/2015\/05\/Picture-014-300x225.jpg\" \/>\n<meta name=\"twitter:card\" content=\"summary_large_image\" \/>\n<meta name=\"twitter:label1\" content=\"Est. reading time\" \/>\n\t<meta name=\"twitter:data1\" content=\"1 minute\" \/>\n<script type=\"application\/ld+json\" class=\"yoast-schema-graph\">{\"@context\":\"https:\\\/\\\/schema.org\",\"@graph\":[{\"@type\":\"WebPage\",\"@id\":\"https:\\\/\\\/www.eagletours.net\\\/?page_id=102\",\"url\":\"https:\\\/\\\/www.eagletours.net\\\/?page_id=102\",\"name\":\"Paseos en Lago Arenal - Eagle Tours\",\"isPartOf\":{\"@id\":\"https:\\\/\\\/www.eagletours.net\\\/#website\"},\"primaryImageOfPage\":{\"@id\":\"https:\\\/\\\/www.eagletours.net\\\/?page_id=102#primaryimage\"},\"image\":{\"@id\":\"https:\\\/\\\/www.eagletours.net\\\/?page_id=102#primaryimage\"},\"thumbnailUrl\":\"https:\\\/\\\/www.eagletours.net\\\/web\\\/wp-content\\\/uploads\\\/2015\\\/05\\\/Picture-014-300x225.jpg\",\"datePublished\":\"2015-05-02T02:21:28+00:00\",\"breadcrumb\":{\"@id\":\"https:\\\/\\\/www.eagletours.net\\\/?page_id=102#breadcrumb\"},\"inLanguage\":\"en-US\",\"potentialAction\":[{\"@type\":\"ReadAction\",\"target\":[\"https:\\\/\\\/www.eagletours.net\\\/?page_id=102\"]}]},{\"@type\":\"ImageObject\",\"inLanguage\":\"en-US\",\"@id\":\"https:\\\/\\\/www.eagletours.net\\\/?page_id=102#primaryimage\",\"url\":\"https:\\\/\\\/www.eagletours.net\\\/web\\\/wp-content\\\/uploads\\\/2015\\\/05\\\/Picture-014-300x225.jpg\",\"contentUrl\":\"https:\\\/\\\/www.eagletours.net\\\/web\\\/wp-content\\\/uploads\\\/2015\\\/05\\\/Picture-014-300x225.jpg\"},{\"@type\":\"BreadcrumbList\",\"@id\":\"https:\\\/\\\/www.eagletours.net\\\/?page_id=102#breadcrumb\",\"itemListElement\":[{\"@type\":\"ListItem\",\"position\":1,\"name\":\"Home\",\"item\":\"https:\\\/\\\/www.eagletours.net\\\/\"},{\"@type\":\"ListItem\",\"position\":2,\"name\":\"Paseos en Lago Arenal\"}]},{\"@type\":\"WebSite\",\"@id\":\"https:\\\/\\\/www.eagletours.net\\\/#website\",\"url\":\"https:\\\/\\\/www.eagletours.net\\\/\",\"name\":\"Eagle Tours\",\"description\":\"Tour Operator in La Fortuna\",\"publisher\":{\"@id\":\"https:\\\/\\\/www.eagletours.net\\\/#organization\"},\"potentialAction\":[{\"@type\":\"SearchAction\",\"target\":{\"@type\":\"EntryPoint\",\"urlTemplate\":\"https:\\\/\\\/www.eagletours.net\\\/?s={search_term_string}\"},\"query-input\":{\"@type\":\"PropertyValueSpecification\",\"valueRequired\":true,\"valueName\":\"search_term_string\"}}],\"inLanguage\":\"en-US\"},{\"@type\":\"Organization\",\"@id\":\"https:\\\/\\\/www.eagletours.net\\\/#organization\",\"name\":\"Eagle Tours\",\"url\":\"https:\\\/\\\/www.eagletours.net\\\/\",\"logo\":{\"@type\":\"ImageObject\",\"inLanguage\":\"en-US\",\"@id\":\"https:\\\/\\\/www.eagletours.net\\\/#\\\/schema\\\/logo\\\/image\\\/\",\"url\":\"https:\\\/\\\/www.eagletours.net\\\/wp-content\\\/uploads\\\/2022\\\/10\\\/cropped-eagle-logo.jpg\",\"contentUrl\":\"https:\\\/\\\/www.eagletours.net\\\/wp-content\\\/uploads\\\/2022\\\/10\\\/cropped-eagle-logo.jpg\",\"width\":282,\"height\":195,\"caption\":\"Eagle Tours\"},\"image\":{\"@id\":\"https:\\\/\\\/www.eagletours.net\\\/#\\\/schema\\\/logo\\\/image\\\/\"}}]}<\/script>\n<!-- \/ Yoast SEO plugin. -->","yoast_head_json":{"title":"Paseos en Lago Arenal - Eagle Tours","robots":{"index":"index","follow":"follow","max-snippet":"max-snippet:-1","max-image-preview":"max-image-preview:large","max-video-preview":"max-video-preview:-1"},"canonical":"https:\/\/www.eagletours.net\/?page_id=102","og_locale":"en_US","og_type":"article","og_title":"Paseos en Lago Arenal - Eagle Tours","og_description":"Lago Arenal es el m\u00e1s grande y el lago m\u00e1s importante de Costa Rica , que era hombre hecho en 1974 para proporcionar energ\u00eda hidroel\u00e9ctrica para el pa\u00eds. Tambi\u00e9n es un lugar donde se pueden encontrar diferentes tipos de aves residentes y migratorias. A veces &hellip;","og_url":"https:\/\/www.eagletours.net\/?page_id=102","og_site_name":"Eagle Tours","og_image":[{"url":"https:\/\/www.eagletours.net\/web\/wp-content\/uploads\/2015\/05\/Picture-014-300x225.jpg","type":"","width":"","height":""}],"twitter_card":"summary_large_image","twitter_misc":{"Est. reading time":"1 minute"},"schema":{"@context":"https:\/\/schema.org","@graph":[{"@type":"WebPage","@id":"https:\/\/www.eagletours.net\/?page_id=102","url":"https:\/\/www.eagletours.net\/?page_id=102","name":"Paseos en Lago Arenal - Eagle Tours","isPartOf":{"@id":"https:\/\/www.eagletours.net\/#website"},"primaryImageOfPage":{"@id":"https:\/\/www.eagletours.net\/?page_id=102#primaryimage"},"image":{"@id":"https:\/\/www.eagletours.net\/?page_id=102#primaryimage"},"thumbnailUrl":"https:\/\/www.eagletours.net\/web\/wp-content\/uploads\/2015\/05\/Picture-014-300x225.jpg","datePublished":"2015-05-02T02:21:28+00:00","breadcrumb":{"@id":"https:\/\/www.eagletours.net\/?page_id=102#breadcrumb"},"inLanguage":"en-US","potentialAction":[{"@type":"ReadAction","target":["https:\/\/www.eagletours.net\/?page_id=102"]}]},{"@type":"ImageObject","inLanguage":"en-US","@id":"https:\/\/www.eagletours.net\/?page_id=102#primaryimage","url":"https:\/\/www.eagletours.net\/web\/wp-content\/uploads\/2015\/05\/Picture-014-300x225.jpg","contentUrl":"https:\/\/www.eagletours.net\/web\/wp-content\/uploads\/2015\/05\/Picture-014-300x225.jpg"},{"@type":"BreadcrumbList","@id":"https:\/\/www.eagletours.net\/?page_id=102#breadcrumb","itemListElement":[{"@type":"ListItem","position":1,"name":"Home","item":"https:\/\/www.eagletours.net\/"},{"@type":"ListItem","position":2,"name":"Paseos en Lago Arenal"}]},{"@type":"WebSite","@id":"https:\/\/www.eagletours.net\/#website","url":"https:\/\/www.eagletours.net\/","name":"Eagle Tours","description":"Tour Operator in La Fortuna","publisher":{"@id":"https:\/\/www.eagletours.net\/#organization"},"potentialAction":[{"@type":"SearchAction","target":{"@type":"EntryPoint","urlTemplate":"https:\/\/www.eagletours.net\/?s={search_term_string}"},"query-input":{"@type":"PropertyValueSpecification","valueRequired":true,"valueName":"search_term_string"}}],"inLanguage":"en-US"},{"@type":"Organization","@id":"https:\/\/www.eagletours.net\/#organization","name":"Eagle Tours","url":"https:\/\/www.eagletours.net\/","logo":{"@type":"ImageObject","inLanguage":"en-US","@id":"https:\/\/www.eagletours.net\/#\/schema\/logo\/image\/","url":"https:\/\/www.eagletours.net\/wp-content\/uploads\/2022\/10\/cropped-eagle-logo.jpg","contentUrl":"https:\/\/www.eagletours.net\/wp-content\/uploads\/2022\/10\/cropped-eagle-logo.jpg","width":282,"height":195,"caption":"Eagle Tours"},"image":{"@id":"https:\/\/www.eagletours.net\/#\/schema\/logo\/image\/"}}]}},"_links":{"self":[{"href":"https:\/\/www.eagletours.net\/index.php?rest_route=\/wp\/v2\/pages\/102","targetHints":{"allow":["GET"]}}],"collection":[{"href":"https:\/\/www.eagletours.net\/index.php?rest_route=\/wp\/v2\/pages"}],"about":[{"href":"https:\/\/www.eagletours.net\/index.php?rest_route=\/wp\/v2\/types\/page"}],"author":[{"embeddable":true,"href":"https:\/\/www.eagletours.net\/index.php?rest_route=\/wp\/v2\/users\/3"}],"replies":[{"embeddable":true,"href":"https:\/\/www.eagletours.net\/index.php?rest_route=%2Fwp%2Fv2%2Fcomments&post=102"}],"version-history":[{"count":1,"href":"https:\/\/www.eagletours.net\/index.php?rest_route=\/wp\/v2\/pages\/102\/revisions"}],"predecessor-version":[{"id":104,"href":"https:\/\/www.eagletours.net\/index.php?rest_route=\/wp\/v2\/pages\/102\/revisions\/104"}],"wp:attachment":[{"href":"https:\/\/www.eagletours.net\/index.php?rest_route=%2Fwp%2Fv2%2Fmedia&parent=102"}],"curies":[{"name":"wp","href":"https:\/\/api.w.org\/{rel}","templated":true}]}}