{"id":100,"date":"2015-05-02T02:16:20","date_gmt":"2015-05-02T02:16:20","guid":{"rendered":"https:\/\/www.eagletours.net\/web\/?page_id=100"},"modified":"2015-05-02T02:16:20","modified_gmt":"2015-05-02T02:16:20","slug":"tour-de-aves","status":"publish","type":"page","link":"https:\/\/www.eagletours.net\/?page_id=100","title":{"rendered":"Tour de Aves"},"content":{"rendered":"<p>Costa Rica por mucho tiempo ha sido famosa por expertos observadores de aves, a pesar que muchas personas antes no han dado tanta importancia a esta actividad en nuestro pa\u00eds. Costa Rica ha venido a demostrar la gran cantidad de especies de aves que habitan nuestro hermoso pa\u00eds poniendo as\u00ed en evidencia las grandes riquezas que usted puede encontrar y poder llevarse con usted la imagen de un pa\u00eds tan lleno de gran flora y fauna.<\/p>\n<p>Eagle Tours le da esta oportunidad de descubrir y disfrutar de aves en la zona norte del pa\u00eds (La Fortuna). Ubicando una gran proporci\u00f3n de las 850 especies encontradas en Costa Rica &#8211; m\u00e1s que el total de lo que Norteam\u00e9rica tiene &#8211; embalado en una mitad de \u00e1rea el tama\u00f1o de Kentucky, es dif\u00edcil no dejarse encantar por cada una de la gran variedad de estas bellezas cubiertas de m\u00e1gicos plumajes.<\/p>\n<p>Nosotros proporcionamos gu\u00edas naturalistas con amplia experimentadas que hacen cualquiera de nuestras expediciones para la observaci\u00f3n de aves sea una experiencia educativa e inolvidable.<\/p>\n<p><strong>Hora de Salida<\/strong><br \/>\n5: 00 AM<br \/>\n<strong>Duraci\u00f3n:<\/strong> 4 hours<br \/>\n<strong>Llevar:<\/strong><br \/>\nZapatos de Caminata, C\u00e1mara, Binoculares, Repelente para Mosquitos,<\/p>\n<p><strong>Incluye:<\/strong> Transporte, Gu\u00eda, Caf\u00e9, Snacks.<\/p>\n<p>[Best_Wordpress_Gallery id=&#8221;12&#8243; gal_title=&#8221;birds&#8221;]<\/p>\n","protected":false},"excerpt":{"rendered":"<p>Costa Rica por mucho tiempo ha sido famosa por expertos observadores de aves, a pesar que muchas personas antes no han dado tanta importancia a esta actividad en nuestro pa\u00eds. Costa Rica ha venido a demostrar la gran cantidad de especies de aves que habitan &hellip; <\/p>\n","protected":false},"author":3,"featured_media":0,"parent":0,"menu_order":0,"comment_status":"closed","ping_status":"closed","template":"","meta":{"footnotes":""},"class_list":["post-100","page","type-page","status-publish","hentry"],"yoast_head":"<!-- This site is optimized with the Yoast SEO plugin v27.5 - https:\/\/yoast.com\/product\/yoast-seo-wordpress\/ -->\n<title>Tour de Aves - Eagle Tours<\/title>\n<meta name=\"robots\" content=\"index, follow, max-snippet:-1, max-image-preview:large, max-video-preview:-1\" \/>\n<link rel=\"canonical\" href=\"https:\/\/www.eagletours.net\/?page_id=100\" \/>\n<meta property=\"og:locale\" content=\"en_US\" \/>\n<meta property=\"og:type\" content=\"article\" \/>\n<meta property=\"og:title\" content=\"Tour de Aves - Eagle Tours\" \/>\n<meta property=\"og:description\" content=\"Costa Rica por mucho tiempo ha sido famosa por expertos observadores de aves, a pesar que muchas personas antes no han dado tanta importancia a esta actividad en nuestro pa\u00eds. Costa Rica ha venido a demostrar la gran cantidad de especies de aves que habitan &hellip;\" \/>\n<meta property=\"og:url\" content=\"https:\/\/www.eagletours.net\/?page_id=100\" \/>\n<meta property=\"og:site_name\" content=\"Eagle Tours\" \/>\n<meta name=\"twitter:card\" content=\"summary_large_image\" \/>\n<meta name=\"twitter:label1\" content=\"Est. reading time\" \/>\n\t<meta name=\"twitter:data1\" content=\"1 minute\" \/>\n<script type=\"application\/ld+json\" class=\"yoast-schema-graph\">{\"@context\":\"https:\\\/\\\/schema.org\",\"@graph\":[{\"@type\":\"WebPage\",\"@id\":\"https:\\\/\\\/www.eagletours.net\\\/?page_id=100\",\"url\":\"https:\\\/\\\/www.eagletours.net\\\/?page_id=100\",\"name\":\"Tour de Aves - Eagle Tours\",\"isPartOf\":{\"@id\":\"https:\\\/\\\/www.eagletours.net\\\/#website\"},\"datePublished\":\"2015-05-02T02:16:20+00:00\",\"breadcrumb\":{\"@id\":\"https:\\\/\\\/www.eagletours.net\\\/?page_id=100#breadcrumb\"},\"inLanguage\":\"en-US\",\"potentialAction\":[{\"@type\":\"ReadAction\",\"target\":[\"https:\\\/\\\/www.eagletours.net\\\/?page_id=100\"]}]},{\"@type\":\"BreadcrumbList\",\"@id\":\"https:\\\/\\\/www.eagletours.net\\\/?page_id=100#breadcrumb\",\"itemListElement\":[{\"@type\":\"ListItem\",\"position\":1,\"name\":\"Home\",\"item\":\"https:\\\/\\\/www.eagletours.net\\\/\"},{\"@type\":\"ListItem\",\"position\":2,\"name\":\"Tour de Aves\"}]},{\"@type\":\"WebSite\",\"@id\":\"https:\\\/\\\/www.eagletours.net\\\/#website\",\"url\":\"https:\\\/\\\/www.eagletours.net\\\/\",\"name\":\"Eagle Tours\",\"description\":\"Tour Operator in La Fortuna\",\"publisher\":{\"@id\":\"https:\\\/\\\/www.eagletours.net\\\/#organization\"},\"potentialAction\":[{\"@type\":\"SearchAction\",\"target\":{\"@type\":\"EntryPoint\",\"urlTemplate\":\"https:\\\/\\\/www.eagletours.net\\\/?s={search_term_string}\"},\"query-input\":{\"@type\":\"PropertyValueSpecification\",\"valueRequired\":true,\"valueName\":\"search_term_string\"}}],\"inLanguage\":\"en-US\"},{\"@type\":\"Organization\",\"@id\":\"https:\\\/\\\/www.eagletours.net\\\/#organization\",\"name\":\"Eagle Tours\",\"url\":\"https:\\\/\\\/www.eagletours.net\\\/\",\"logo\":{\"@type\":\"ImageObject\",\"inLanguage\":\"en-US\",\"@id\":\"https:\\\/\\\/www.eagletours.net\\\/#\\\/schema\\\/logo\\\/image\\\/\",\"url\":\"https:\\\/\\\/www.eagletours.net\\\/wp-content\\\/uploads\\\/2022\\\/10\\\/cropped-eagle-logo.jpg\",\"contentUrl\":\"https:\\\/\\\/www.eagletours.net\\\/wp-content\\\/uploads\\\/2022\\\/10\\\/cropped-eagle-logo.jpg\",\"width\":282,\"height\":195,\"caption\":\"Eagle Tours\"},\"image\":{\"@id\":\"https:\\\/\\\/www.eagletours.net\\\/#\\\/schema\\\/logo\\\/image\\\/\"}}]}<\/script>\n<!-- \/ Yoast SEO plugin. -->","yoast_head_json":{"title":"Tour de Aves - Eagle Tours","robots":{"index":"index","follow":"follow","max-snippet":"max-snippet:-1","max-image-preview":"max-image-preview:large","max-video-preview":"max-video-preview:-1"},"canonical":"https:\/\/www.eagletours.net\/?page_id=100","og_locale":"en_US","og_type":"article","og_title":"Tour de Aves - Eagle Tours","og_description":"Costa Rica por mucho tiempo ha sido famosa por expertos observadores de aves, a pesar que muchas personas antes no han dado tanta importancia a esta actividad en nuestro pa\u00eds. Costa Rica ha venido a demostrar la gran cantidad de especies de aves que habitan &hellip;","og_url":"https:\/\/www.eagletours.net\/?page_id=100","og_site_name":"Eagle Tours","twitter_card":"summary_large_image","twitter_misc":{"Est. reading time":"1 minute"},"schema":{"@context":"https:\/\/schema.org","@graph":[{"@type":"WebPage","@id":"https:\/\/www.eagletours.net\/?page_id=100","url":"https:\/\/www.eagletours.net\/?page_id=100","name":"Tour de Aves - Eagle Tours","isPartOf":{"@id":"https:\/\/www.eagletours.net\/#website"},"datePublished":"2015-05-02T02:16:20+00:00","breadcrumb":{"@id":"https:\/\/www.eagletours.net\/?page_id=100#breadcrumb"},"inLanguage":"en-US","potentialAction":[{"@type":"ReadAction","target":["https:\/\/www.eagletours.net\/?page_id=100"]}]},{"@type":"BreadcrumbList","@id":"https:\/\/www.eagletours.net\/?page_id=100#breadcrumb","itemListElement":[{"@type":"ListItem","position":1,"name":"Home","item":"https:\/\/www.eagletours.net\/"},{"@type":"ListItem","position":2,"name":"Tour de Aves"}]},{"@type":"WebSite","@id":"https:\/\/www.eagletours.net\/#website","url":"https:\/\/www.eagletours.net\/","name":"Eagle Tours","description":"Tour Operator in La Fortuna","publisher":{"@id":"https:\/\/www.eagletours.net\/#organization"},"potentialAction":[{"@type":"SearchAction","target":{"@type":"EntryPoint","urlTemplate":"https:\/\/www.eagletours.net\/?s={search_term_string}"},"query-input":{"@type":"PropertyValueSpecification","valueRequired":true,"valueName":"search_term_string"}}],"inLanguage":"en-US"},{"@type":"Organization","@id":"https:\/\/www.eagletours.net\/#organization","name":"Eagle Tours","url":"https:\/\/www.eagletours.net\/","logo":{"@type":"ImageObject","inLanguage":"en-US","@id":"https:\/\/www.eagletours.net\/#\/schema\/logo\/image\/","url":"https:\/\/www.eagletours.net\/wp-content\/uploads\/2022\/10\/cropped-eagle-logo.jpg","contentUrl":"https:\/\/www.eagletours.net\/wp-content\/uploads\/2022\/10\/cropped-eagle-logo.jpg","width":282,"height":195,"caption":"Eagle Tours"},"image":{"@id":"https:\/\/www.eagletours.net\/#\/schema\/logo\/image\/"}}]}},"_links":{"self":[{"href":"https:\/\/www.eagletours.net\/index.php?rest_route=\/wp\/v2\/pages\/100","targetHints":{"allow":["GET"]}}],"collection":[{"href":"https:\/\/www.eagletours.net\/index.php?rest_route=\/wp\/v2\/pages"}],"about":[{"href":"https:\/\/www.eagletours.net\/index.php?rest_route=\/wp\/v2\/types\/page"}],"author":[{"embeddable":true,"href":"https:\/\/www.eagletours.net\/index.php?rest_route=\/wp\/v2\/users\/3"}],"replies":[{"embeddable":true,"href":"https:\/\/www.eagletours.net\/index.php?rest_route=%2Fwp%2Fv2%2Fcomments&post=100"}],"version-history":[{"count":1,"href":"https:\/\/www.eagletours.net\/index.php?rest_route=\/wp\/v2\/pages\/100\/revisions"}],"predecessor-version":[{"id":101,"href":"https:\/\/www.eagletours.net\/index.php?rest_route=\/wp\/v2\/pages\/100\/revisions\/101"}],"wp:attachment":[{"href":"https:\/\/www.eagletours.net\/index.php?rest_route=%2Fwp%2Fv2%2Fmedia&parent=100"}],"curies":[{"name":"wp","href":"https:\/\/api.w.org\/{rel}","templated":true}]}}